{"id":826,"date":"2021-03-18T19:33:02","date_gmt":"2021-03-18T18:33:02","guid":{"rendered":"http:\/\/homoworld.dk\/product\/\/"},"modified":"2021-12-01T00:01:22","modified_gmt":"2021-11-30T23:01:22","slug":"frankie-and-his-friends-digital","status":"publish","type":"product","link":"https:\/\/homoworld.dk\/de\/product\/frankie-and-his-friends-digital\/","title":{"rendered":"Frankie and his friends - digital"},"content":{"rendered":"<p>Eingeschr\u00e4nkte technische Qualit\u00e4t. L\u00e4nge: 72 Min.<\/p>\n","protected":false},"excerpt":{"rendered":"<p>Eingeschr\u00e4nkte technische Qualit\u00e4t. L\u00e4nge: 72 Min.<\/p>\n","protected":false},"featured_media":162,"comment_status":"open","ping_status":"closed","template":"","meta":{"advanced_seo_description":"","jetpack_seo_html_title":"","jetpack_seo_noindex":false},"product_brand":[],"product_cat":[143],"product_tag":[123,50,44,36,73,19],"class_list":{"0":"post-826","1":"product","2":"type-product","3":"status-publish","4":"has-post-thumbnail","6":"product_cat-scheer-digital","7":"product_tag-blasen","8":"product_tag-masturbieren","9":"product_tag-solo","10":"product_tag-zweier","11":"product_tag-wichsen","12":"product_tag-junge-boys","14":"first","15":"instock","16":"virtual","17":"taxable","18":"purchasable","19":"product-type-simple"},"jetpack_sharing_enabled":true,"_links":{"self":[{"href":"https:\/\/homoworld.dk\/de\/wp-json\/wp\/v2\/product\/826","targetHints":{"allow":["GET"]}}],"collection":[{"href":"https:\/\/homoworld.dk\/de\/wp-json\/wp\/v2\/product"}],"about":[{"href":"https:\/\/homoworld.dk\/de\/wp-json\/wp\/v2\/types\/product"}],"replies":[{"embeddable":true,"href":"https:\/\/homoworld.dk\/de\/wp-json\/wp\/v2\/comments?post=826"}],"wp:featuredmedia":[{"embeddable":true,"href":"https:\/\/homoworld.dk\/de\/wp-json\/wp\/v2\/media\/162"}],"wp:attachment":[{"href":"https:\/\/homoworld.dk\/de\/wp-json\/wp\/v2\/media?parent=826"}],"wp:term":[{"taxonomy":"product_brand","embeddable":true,"href":"https:\/\/homoworld.dk\/de\/wp-json\/wp\/v2\/product_brand?post=826"},{"taxonomy":"product_cat","embeddable":true,"href":"https:\/\/homoworld.dk\/de\/wp-json\/wp\/v2\/product_cat?post=826"},{"taxonomy":"product_tag","embeddable":true,"href":"https:\/\/homoworld.dk\/de\/wp-json\/wp\/v2\/product_tag?post=826"}],"curies":[{"name":"wp","href":"https:\/\/api.w.org\/{rel}","templated":true}]}}