{"id":816,"date":"2021-03-18T18:50:46","date_gmt":"2021-03-18T17:50:46","guid":{"rendered":"http:\/\/homoworld.dk\/product\/\/"},"modified":"2021-12-01T00:01:22","modified_gmt":"2021-11-30T23:01:22","slug":"timmy-and-his-friends-digital","status":"publish","type":"product","link":"https:\/\/homoworld.dk\/de\/product\/timmy-und-seine-freunde-digital\/","title":{"rendered":"Timmy und seine Freunde - digital"},"content":{"rendered":"<p>Eingeschr\u00e4nkte technische Qualit\u00e4t. L\u00e4nge: 50 Min.<\/p>\n","protected":false},"excerpt":{"rendered":"<p>Eingeschr\u00e4nkte technische Qualit\u00e4t. L\u00e4nge: 50 Min.<\/p>\n","protected":false},"featured_media":224,"comment_status":"open","ping_status":"closed","template":"","meta":{"advanced_seo_description":"","jetpack_seo_html_title":"","jetpack_seo_noindex":false},"product_brand":[],"product_cat":[143],"product_tag":[22,40,50,44,36,73,19],"class_list":{"0":"post-816","1":"product","2":"type-product","3":"status-publish","4":"has-post-thumbnail","6":"product_cat-scheer-digital","7":"product_tag-blasen","9":"product_tag-masturbieren","10":"product_tag-solo","11":"product_tag-zweier","12":"product_tag-wichsen","13":"product_tag-junge-boys","15":"first","16":"instock","17":"virtual","18":"taxable","19":"purchasable","20":"product-type-simple"},"jetpack_sharing_enabled":true,"_links":{"self":[{"href":"https:\/\/homoworld.dk\/de\/wp-json\/wp\/v2\/product\/816","targetHints":{"allow":["GET"]}}],"collection":[{"href":"https:\/\/homoworld.dk\/de\/wp-json\/wp\/v2\/product"}],"about":[{"href":"https:\/\/homoworld.dk\/de\/wp-json\/wp\/v2\/types\/product"}],"replies":[{"embeddable":true,"href":"https:\/\/homoworld.dk\/de\/wp-json\/wp\/v2\/comments?post=816"}],"wp:featuredmedia":[{"embeddable":true,"href":"https:\/\/homoworld.dk\/de\/wp-json\/wp\/v2\/media\/224"}],"wp:attachment":[{"href":"https:\/\/homoworld.dk\/de\/wp-json\/wp\/v2\/media?parent=816"}],"wp:term":[{"taxonomy":"product_brand","embeddable":true,"href":"https:\/\/homoworld.dk\/de\/wp-json\/wp\/v2\/product_brand?post=816"},{"taxonomy":"product_cat","embeddable":true,"href":"https:\/\/homoworld.dk\/de\/wp-json\/wp\/v2\/product_cat?post=816"},{"taxonomy":"product_tag","embeddable":true,"href":"https:\/\/homoworld.dk\/de\/wp-json\/wp\/v2\/product_tag?post=816"}],"curies":[{"name":"wp","href":"https:\/\/api.w.org\/{rel}","templated":true}]}}