{"id":446,"date":"2021-02-11T11:40:45","date_gmt":"2021-02-11T11:40:45","guid":{"rendered":"http:\/\/71.19.249.231\/~homowor1\/product\/\/"},"modified":"2021-12-01T00:01:18","modified_gmt":"2021-11-30T23:01:18","slug":"mustafa-and-his-friends","status":"publish","type":"product","link":"https:\/\/homoworld.dk\/de\/product\/mustafa-und-seine-freunde\/","title":{"rendered":"Mustafa und seine Freunde"},"content":{"rendered":"<p>Eingeschr\u00e4nkte technische Qualit\u00e4t. L\u00e4nge: 54 Min.<\/p>\n","protected":false},"excerpt":{"rendered":"<p>Eingeschr\u00e4nkte technische Qualit\u00e4t. L\u00e4nge: 54 Min.<\/p>\n","protected":false},"featured_media":187,"comment_status":"open","ping_status":"closed","template":"","meta":{"advanced_seo_description":"","jetpack_seo_html_title":"","jetpack_seo_noindex":false},"product_brand":[],"product_cat":[17],"product_tag":[50,44,73,19],"class_list":{"0":"post-446","1":"product","2":"type-product","3":"status-publish","4":"has-post-thumbnail","6":"product_cat-scheer","7":"product_tag-masturbieren","8":"product_tag-solo","9":"product_tag-wichsen","10":"product_tag-junge-boys","12":"first","13":"instock","14":"taxable","15":"shipping-taxable","16":"purchasable","17":"product-type-simple"},"jetpack_sharing_enabled":true,"_links":{"self":[{"href":"https:\/\/homoworld.dk\/de\/wp-json\/wp\/v2\/product\/446","targetHints":{"allow":["GET"]}}],"collection":[{"href":"https:\/\/homoworld.dk\/de\/wp-json\/wp\/v2\/product"}],"about":[{"href":"https:\/\/homoworld.dk\/de\/wp-json\/wp\/v2\/types\/product"}],"replies":[{"embeddable":true,"href":"https:\/\/homoworld.dk\/de\/wp-json\/wp\/v2\/comments?post=446"}],"wp:featuredmedia":[{"embeddable":true,"href":"https:\/\/homoworld.dk\/de\/wp-json\/wp\/v2\/media\/187"}],"wp:attachment":[{"href":"https:\/\/homoworld.dk\/de\/wp-json\/wp\/v2\/media?parent=446"}],"wp:term":[{"taxonomy":"product_brand","embeddable":true,"href":"https:\/\/homoworld.dk\/de\/wp-json\/wp\/v2\/product_brand?post=446"},{"taxonomy":"product_cat","embeddable":true,"href":"https:\/\/homoworld.dk\/de\/wp-json\/wp\/v2\/product_cat?post=446"},{"taxonomy":"product_tag","embeddable":true,"href":"https:\/\/homoworld.dk\/de\/wp-json\/wp\/v2\/product_tag?post=446"}],"curies":[{"name":"wp","href":"https:\/\/api.w.org\/{rel}","templated":true}]}}