{"id":439,"date":"2021-02-11T10:40:57","date_gmt":"2021-02-11T10:40:57","guid":{"rendered":"http:\/\/71.19.249.231\/~homowor1\/product\/\/"},"modified":"2021-12-01T00:01:18","modified_gmt":"2021-11-30T23:01:18","slug":"frankie-and-his-friends","status":"publish","type":"product","link":"https:\/\/homoworld.dk\/de\/product\/frankie-and-his-friends\/","title":{"rendered":"Frankie and his friends"},"content":{"rendered":"<p>Eingeschr\u00e4nkte technische Qualit\u00e4t. L\u00e4nge: 72 Min.<\/p>\n","protected":false},"excerpt":{"rendered":"<p>Eingeschr\u00e4nkte technische Qualit\u00e4t. L\u00e4nge: 72 Min.<\/p>\n","protected":false},"featured_media":162,"comment_status":"open","ping_status":"closed","template":"","meta":{"advanced_seo_description":"","jetpack_seo_html_title":"","jetpack_seo_noindex":false},"product_brand":[],"product_cat":[17],"product_tag":[123,50,44,36,73,19],"class_list":{"0":"post-439","1":"product","2":"type-product","3":"status-publish","4":"has-post-thumbnail","6":"product_cat-scheer","7":"product_tag-blasen","8":"product_tag-masturbieren","9":"product_tag-solo","10":"product_tag-zweier","11":"product_tag-wichsen","12":"product_tag-junge-boys","14":"first","15":"instock","16":"taxable","17":"shipping-taxable","18":"purchasable","19":"product-type-simple"},"jetpack_sharing_enabled":true,"_links":{"self":[{"href":"https:\/\/homoworld.dk\/de\/wp-json\/wp\/v2\/product\/439","targetHints":{"allow":["GET"]}}],"collection":[{"href":"https:\/\/homoworld.dk\/de\/wp-json\/wp\/v2\/product"}],"about":[{"href":"https:\/\/homoworld.dk\/de\/wp-json\/wp\/v2\/types\/product"}],"replies":[{"embeddable":true,"href":"https:\/\/homoworld.dk\/de\/wp-json\/wp\/v2\/comments?post=439"}],"wp:featuredmedia":[{"embeddable":true,"href":"https:\/\/homoworld.dk\/de\/wp-json\/wp\/v2\/media\/162"}],"wp:attachment":[{"href":"https:\/\/homoworld.dk\/de\/wp-json\/wp\/v2\/media?parent=439"}],"wp:term":[{"taxonomy":"product_brand","embeddable":true,"href":"https:\/\/homoworld.dk\/de\/wp-json\/wp\/v2\/product_brand?post=439"},{"taxonomy":"product_cat","embeddable":true,"href":"https:\/\/homoworld.dk\/de\/wp-json\/wp\/v2\/product_cat?post=439"},{"taxonomy":"product_tag","embeddable":true,"href":"https:\/\/homoworld.dk\/de\/wp-json\/wp\/v2\/product_tag?post=439"}],"curies":[{"name":"wp","href":"https:\/\/api.w.org\/{rel}","templated":true}]}}