{"id":434,"date":"2021-02-09T17:32:36","date_gmt":"2021-02-09T17:32:36","guid":{"rendered":"http:\/\/71.19.249.231\/~homowor1\/product\/\/"},"modified":"2021-12-01T00:01:18","modified_gmt":"2021-11-30T23:01:18","slug":"andy-and-his-friends","status":"publish","type":"product","link":"https:\/\/homoworld.dk\/de\/product\/andy-and-his-friendsandy-und-seine-freund\/","title":{"rendered":"Andy und seine Freunde"},"content":{"rendered":"<p>Andy und seine Freunde (eingeschr\u00e4nkte technische Qualit\u00e4t). L\u00e4nge: 51 Min.<\/p>\n","protected":false},"excerpt":{"rendered":"<p>Andy und seine Freunde (eingeschr\u00e4nkte technische Qualit\u00e4t). L\u00e4nge: 51 Min.<\/p>\n","protected":false},"featured_media":33,"comment_status":"open","ping_status":"closed","template":"","meta":{"advanced_seo_description":"","jetpack_seo_html_title":"","jetpack_seo_noindex":false},"product_brand":[],"product_cat":[17],"product_tag":[50,73,19],"class_list":{"0":"post-434","1":"product","2":"type-product","3":"status-publish","4":"has-post-thumbnail","6":"product_cat-scheer","7":"product_tag-masturbieren","8":"product_tag-wichsen","9":"product_tag-junge-boys","11":"first","12":"instock","13":"taxable","14":"shipping-taxable","15":"purchasable","16":"product-type-simple"},"jetpack_sharing_enabled":true,"_links":{"self":[{"href":"https:\/\/homoworld.dk\/de\/wp-json\/wp\/v2\/product\/434","targetHints":{"allow":["GET"]}}],"collection":[{"href":"https:\/\/homoworld.dk\/de\/wp-json\/wp\/v2\/product"}],"about":[{"href":"https:\/\/homoworld.dk\/de\/wp-json\/wp\/v2\/types\/product"}],"replies":[{"embeddable":true,"href":"https:\/\/homoworld.dk\/de\/wp-json\/wp\/v2\/comments?post=434"}],"wp:featuredmedia":[{"embeddable":true,"href":"https:\/\/homoworld.dk\/de\/wp-json\/wp\/v2\/media\/33"}],"wp:attachment":[{"href":"https:\/\/homoworld.dk\/de\/wp-json\/wp\/v2\/media?parent=434"}],"wp:term":[{"taxonomy":"product_brand","embeddable":true,"href":"https:\/\/homoworld.dk\/de\/wp-json\/wp\/v2\/product_brand?post=434"},{"taxonomy":"product_cat","embeddable":true,"href":"https:\/\/homoworld.dk\/de\/wp-json\/wp\/v2\/product_cat?post=434"},{"taxonomy":"product_tag","embeddable":true,"href":"https:\/\/homoworld.dk\/de\/wp-json\/wp\/v2\/product_tag?post=434"}],"curies":[{"name":"wp","href":"https:\/\/api.w.org\/{rel}","templated":true}]}}