{"id":274,"date":"2021-02-01T18:48:32","date_gmt":"2021-02-01T18:48:32","guid":{"rendered":"http:\/\/71.19.249.231\/~homowor1\/product\/\/"},"modified":"2022-10-25T20:11:22","modified_gmt":"2022-10-25T18:11:22","slug":"the-murderer-is-not-the-gardener","status":"publish","type":"product","link":"https:\/\/homoworld.dk\/de\/product\/the-murderer-is-not-the-gardener\/","title":{"rendered":"Der M\u00f6rder ist nicht der G\u00e4rtner"},"content":{"rendered":"<p>L\u00e4nge: 53 min. + Trailer<\/p>\n","protected":false},"excerpt":{"rendered":"<p>L\u00e4nge: 53 min. + Trailer<\/p>\n","protected":false},"featured_media":99,"comment_status":"open","ping_status":"closed","template":"","meta":{"advanced_seo_description":"","jetpack_seo_html_title":"","jetpack_seo_noindex":false},"product_brand":[],"product_cat":[15],"product_tag":[22,21,34,20],"class_list":{"0":"post-274","1":"product","2":"type-product","3":"status-publish","4":"has-post-thumbnail","6":"product_cat-bleisch","7":"product_tag-blasen","8":"product_tag-ficken","9":"product_tag-several-young-boys","10":"product_tag-wichsen","12":"first","13":"instock","14":"taxable","15":"shipping-taxable","16":"purchasable","17":"product-type-simple"},"jetpack_sharing_enabled":true,"_links":{"self":[{"href":"https:\/\/homoworld.dk\/de\/wp-json\/wp\/v2\/product\/274","targetHints":{"allow":["GET"]}}],"collection":[{"href":"https:\/\/homoworld.dk\/de\/wp-json\/wp\/v2\/product"}],"about":[{"href":"https:\/\/homoworld.dk\/de\/wp-json\/wp\/v2\/types\/product"}],"replies":[{"embeddable":true,"href":"https:\/\/homoworld.dk\/de\/wp-json\/wp\/v2\/comments?post=274"}],"wp:featuredmedia":[{"embeddable":true,"href":"https:\/\/homoworld.dk\/de\/wp-json\/wp\/v2\/media\/99"}],"wp:attachment":[{"href":"https:\/\/homoworld.dk\/de\/wp-json\/wp\/v2\/media?parent=274"}],"wp:term":[{"taxonomy":"product_brand","embeddable":true,"href":"https:\/\/homoworld.dk\/de\/wp-json\/wp\/v2\/product_brand?post=274"},{"taxonomy":"product_cat","embeddable":true,"href":"https:\/\/homoworld.dk\/de\/wp-json\/wp\/v2\/product_cat?post=274"},{"taxonomy":"product_tag","embeddable":true,"href":"https:\/\/homoworld.dk\/de\/wp-json\/wp\/v2\/product_tag?post=274"}],"curies":[{"name":"wp","href":"https:\/\/api.w.org\/{rel}","templated":true}]}}