{"id":1893,"date":"2025-01-13T16:36:55","date_gmt":"2025-01-13T15:36:55","guid":{"rendered":"https:\/\/homoworld.dk\/product\/\/"},"modified":"2025-01-13T16:36:55","modified_gmt":"2025-01-13T15:36:55","slug":"sex-pistols","status":"publish","type":"product","link":"https:\/\/homoworld.dk\/de\/product\/sex-pistols\/","title":{"rendered":"Sex Pistols"},"content":{"rendered":"<p>Rasseboys \u00f6ffnen ihre Lustgrotten und lassen sich&nbsp; von den h\u00e4rtesten Schw\u00e4nzen verw\u00f6hnen. Spermageile M\u00fcnder warten gierig auf den n\u00e4chsten Cum Shot. Die Pistolen der Traumboys sind entsichert und zum Shot bereit. ACHTUNG: Explosionsgefahr! Die tosenden Liebess\u00e4fte sorgen daf\u00fcr, da\u00df die Grenzen der Lust erreicht werden.<br \/>Darsteller: Boris, Daniel, Milan, Mirko, Pavel<\/p>\n<p>Regie: Pierre Laconte<\/p>\n","protected":false},"excerpt":{"rendered":"<p>Produktion: Man&#8217;s Best<br \/>\nL\u00e4nge: 51 Min.<\/p>\n","protected":false},"featured_media":1894,"comment_status":"closed","ping_status":"closed","template":"","meta":{"advanced_seo_description":"","jetpack_seo_html_title":"","jetpack_seo_noindex":false},"product_brand":[],"product_cat":[150],"product_tag":[21,79,109,176,108,19],"class_list":{"0":"post-1893","1":"product","2":"type-product","3":"status-publish","4":"has-post-thumbnail","6":"product_cat-diverse-dvd","7":"product_tag-ficken","8":"product_tag-gruppe","9":"product_tag-mans-best","10":"product_tag-sexpistols","11":"product_tag-lutschen","12":"product_tag-junge-boys","14":"first","15":"instock","16":"taxable","17":"shipping-taxable","18":"purchasable","19":"product-type-simple"},"jetpack_sharing_enabled":true,"_links":{"self":[{"href":"https:\/\/homoworld.dk\/de\/wp-json\/wp\/v2\/product\/1893","targetHints":{"allow":["GET"]}}],"collection":[{"href":"https:\/\/homoworld.dk\/de\/wp-json\/wp\/v2\/product"}],"about":[{"href":"https:\/\/homoworld.dk\/de\/wp-json\/wp\/v2\/types\/product"}],"replies":[{"embeddable":true,"href":"https:\/\/homoworld.dk\/de\/wp-json\/wp\/v2\/comments?post=1893"}],"wp:featuredmedia":[{"embeddable":true,"href":"https:\/\/homoworld.dk\/de\/wp-json\/wp\/v2\/media\/1894"}],"wp:attachment":[{"href":"https:\/\/homoworld.dk\/de\/wp-json\/wp\/v2\/media?parent=1893"}],"wp:term":[{"taxonomy":"product_brand","embeddable":true,"href":"https:\/\/homoworld.dk\/de\/wp-json\/wp\/v2\/product_brand?post=1893"},{"taxonomy":"product_cat","embeddable":true,"href":"https:\/\/homoworld.dk\/de\/wp-json\/wp\/v2\/product_cat?post=1893"},{"taxonomy":"product_tag","embeddable":true,"href":"https:\/\/homoworld.dk\/de\/wp-json\/wp\/v2\/product_tag?post=1893"}],"curies":[{"name":"wp","href":"https:\/\/api.w.org\/{rel}","templated":true}]}}