{"id":1862,"date":"2024-12-03T18:55:55","date_gmt":"2024-12-03T17:55:55","guid":{"rendered":"https:\/\/homoworld.dk\/product\/\/"},"modified":"2024-12-03T18:55:55","modified_gmt":"2024-12-03T17:55:55","slug":"mega-clips","status":"publish","type":"product","link":"https:\/\/homoworld.dk\/de\/product\/mega-clips\/","title":{"rendered":"Mega Clips"},"content":{"rendered":"<p>Grandiose Sexaction &#8211; das Beste und Geilste aus &#8222;MEGA BOYS&#8220;. Stramme Muskelboys stossen ihre schwanzgeilen Liebsten in die Grenzbereiche der Ekstase. Ihre enormen Schw\u00e4nze l\u00f6sen magische Schreie der Wolllust aus. Brave Knaben werden zu Sexteufeln.<\/p>\n<p>Produziert von MansBest.<\/p>\n<p>L\u00e4nge: 180 Min<\/p>\n","protected":false},"excerpt":{"rendered":"<p>Grandiose Sexaction &#8211; das Beste und Geilste aus &#8222;MEGA BOYS&#8220;. Stramme Muskelboys stossen ihre schwanzgeilen Liebsten in die Grenzbereiche der Ekstase. Ihre enormen Schw\u00e4nze l\u00f6sen magische Schreie der Wolllust aus. Brave Knaben werden zu Sexteufeln. Produziert von MansBest. L\u00e4nge: 180 Min<\/p>\n","protected":false},"featured_media":1863,"comment_status":"closed","ping_status":"closed","template":"","meta":{"advanced_seo_description":"","jetpack_seo_html_title":"","jetpack_seo_noindex":false},"product_brand":[],"product_cat":[150],"product_tag":[22,21,79,175,39,36,19],"class_list":{"0":"post-1862","1":"product","2":"type-product","3":"status-publish","4":"has-post-thumbnail","6":"product_cat-diverse-dvd","7":"product_tag-blasen","8":"product_tag-ficken","9":"product_tag-gruppe","10":"product_tag-riming","11":"product_tag-dreier","12":"product_tag-zweier","13":"product_tag-junge-boys","15":"first","16":"instock","17":"taxable","18":"shipping-taxable","19":"purchasable","20":"product-type-simple"},"jetpack_sharing_enabled":true,"_links":{"self":[{"href":"https:\/\/homoworld.dk\/de\/wp-json\/wp\/v2\/product\/1862","targetHints":{"allow":["GET"]}}],"collection":[{"href":"https:\/\/homoworld.dk\/de\/wp-json\/wp\/v2\/product"}],"about":[{"href":"https:\/\/homoworld.dk\/de\/wp-json\/wp\/v2\/types\/product"}],"replies":[{"embeddable":true,"href":"https:\/\/homoworld.dk\/de\/wp-json\/wp\/v2\/comments?post=1862"}],"wp:featuredmedia":[{"embeddable":true,"href":"https:\/\/homoworld.dk\/de\/wp-json\/wp\/v2\/media\/1863"}],"wp:attachment":[{"href":"https:\/\/homoworld.dk\/de\/wp-json\/wp\/v2\/media?parent=1862"}],"wp:term":[{"taxonomy":"product_brand","embeddable":true,"href":"https:\/\/homoworld.dk\/de\/wp-json\/wp\/v2\/product_brand?post=1862"},{"taxonomy":"product_cat","embeddable":true,"href":"https:\/\/homoworld.dk\/de\/wp-json\/wp\/v2\/product_cat?post=1862"},{"taxonomy":"product_tag","embeddable":true,"href":"https:\/\/homoworld.dk\/de\/wp-json\/wp\/v2\/product_tag?post=1862"}],"curies":[{"name":"wp","href":"https:\/\/api.w.org\/{rel}","templated":true}]}}