{"id":1376,"date":"2023-07-12T14:25:59","date_gmt":"2023-07-12T13:25:59","guid":{"rendered":"http:\/\/homoworld.dk\/product\/\/"},"modified":"2023-10-01T12:23:23","modified_gmt":"2023-10-01T11:23:23","slug":"das-fickende-klassenzimmer","status":"publish","type":"product","link":"https:\/\/homoworld.dk\/de\/product\/das-fickende-klassenzimmer\/","title":{"rendered":"Das fickende Klassenzimmer"},"content":{"rendered":"<p>Dieses Video erz\u00e4hlt die Geschichte einer Schule aus der Jahrhundertwende in Prag. Geographie und Mathematik sind die Motive des Lehrers Libor Johnson; sexuelle Experimente sind alles, woran die Studenten denken k\u00f6nnen. Selbst Libor ist nicht immun gegen die dichte sexuelle Spannung, die den Klassenraum durchdringt. W\u00e4hrend einer privaten Nachhilfestunde kann er sich einfach nicht kontrollieren und holt seinen dicken Schwanz raus, zur Freude Peter Azurs, dessen Schliessmuskel damit gedehnt wird. Sp\u00e4ter muss Libor zwei ungezogene Sch\u00fcler in seinem B\u00fcro disziplinieren. Die Jungs nutzen die Gelegenheit, Libors unglaublichen Schwanz oral und anal zu erfahren w\u00e4hrend er innerhalb keiner Zeit zwei massive Orgasmen bekommt. Schau zu, wie diese beiden S\u00fc\u00dfen seinen Samen schl\u00fcrfen, als w\u00e4ren es Bonbons!<br \/>\n13 junge, geile Studenten in 4 ausgedehnten Szenen, inklusive einer 11-Mann-Orgie am Ende.<\/p>\n<p>Eine Mans Best Produktion aus dem Jahre 1993.<br \/>\nL\u00e4nge: 75 Min.<\/p>\n","protected":false},"excerpt":{"rendered":"<p>Dieses Video erz\u00e4hlt die Geschichte einer Schule aus der Jahrhundertwende in Prag. Geographie und Mathematik sind die Motive des Lehrers Libor Johnson; sexuelle Experimente sind alles, woran die Studenten denken k\u00f6nnen. Selbst Libor ist nicht immun gegen die dichte sexuelle Spannung, die den Klassenraum durchdringt. W\u00e4hrend einer privaten Nachhilfestunde kann er sich einfach nicht kontrollieren [&hellip;]<\/p>\n","protected":false},"featured_media":1377,"comment_status":"closed","ping_status":"closed","template":"","meta":{"advanced_seo_description":"","jetpack_seo_html_title":"","jetpack_seo_noindex":false},"product_brand":[],"product_cat":[150,114],"product_tag":[21,165,89,168,169,108,39,36,19],"class_list":{"0":"post-1376","1":"product","2":"type-product","3":"status-publish","4":"has-post-thumbnail","6":"product_cat-diverse-dvd","7":"product_cat-pornoworld","8":"product_tag-ficken","9":"product_tag-masturbating","10":"product_tag-orgie","11":"product_tag-bestrafung","12":"product_tag-pupils","13":"product_tag-lutschen","14":"product_tag-dreier","15":"product_tag-zweier","16":"product_tag-junge-boys","18":"first","19":"instock","20":"taxable","21":"shipping-taxable","22":"purchasable","23":"product-type-simple"},"jetpack_sharing_enabled":true,"_links":{"self":[{"href":"https:\/\/homoworld.dk\/de\/wp-json\/wp\/v2\/product\/1376","targetHints":{"allow":["GET"]}}],"collection":[{"href":"https:\/\/homoworld.dk\/de\/wp-json\/wp\/v2\/product"}],"about":[{"href":"https:\/\/homoworld.dk\/de\/wp-json\/wp\/v2\/types\/product"}],"replies":[{"embeddable":true,"href":"https:\/\/homoworld.dk\/de\/wp-json\/wp\/v2\/comments?post=1376"}],"wp:featuredmedia":[{"embeddable":true,"href":"https:\/\/homoworld.dk\/de\/wp-json\/wp\/v2\/media\/1377"}],"wp:attachment":[{"href":"https:\/\/homoworld.dk\/de\/wp-json\/wp\/v2\/media?parent=1376"}],"wp:term":[{"taxonomy":"product_brand","embeddable":true,"href":"https:\/\/homoworld.dk\/de\/wp-json\/wp\/v2\/product_brand?post=1376"},{"taxonomy":"product_cat","embeddable":true,"href":"https:\/\/homoworld.dk\/de\/wp-json\/wp\/v2\/product_cat?post=1376"},{"taxonomy":"product_tag","embeddable":true,"href":"https:\/\/homoworld.dk\/de\/wp-json\/wp\/v2\/product_tag?post=1376"}],"curies":[{"name":"wp","href":"https:\/\/api.w.org\/{rel}","templated":true}]}}