{"id":1288,"date":"2023-03-21T19:36:13","date_gmt":"2023-03-21T18:36:13","guid":{"rendered":"http:\/\/homoworld.dk\/product\/\/"},"modified":"2023-03-21T19:40:14","modified_gmt":"2023-03-21T18:40:14","slug":"gero-extra-16-digital","status":"publish","type":"product","link":"https:\/\/homoworld.dk\/de\/product\/gero-extra-16-digital\/","title":{"rendered":"Gero Extra 16 - digital"},"content":{"rendered":"<p>Die Jungs haben Probleme mit ihrem Auto und sehen sich gen\u00f6tigt, einen Platz zum \u00dcbernachten zu finden. Sie kommen in eine H\u00fctte und fallen \u00fcber einander her.<br \/>\nZu zweit, zu dritt, zu viert, draussen und drinnen &#8211; da bleibt nichts aus.<\/p>\n<p>Original Vintagefilm aus der Gero-Produktion.<\/p>\n<p>Dauer: 147 Min.<\/p>\n","protected":false},"excerpt":{"rendered":"<p>Die Jungs haben Probleme mit ihrem Auto und sehen sich gen\u00f6tigt, einen Platz zum \u00dcbernachten zu finden. Sie kommen in eine H\u00fctte und fallen \u00fcber einander her. Zu zweit, zu dritt, zu viert, draussen und drinnen &#8211; da bleibt nichts aus. Original Vintagefilm aus der Gero-Produktion. Dauer: 147 Min.<\/p>\n","protected":false},"featured_media":1287,"comment_status":"closed","ping_status":"closed","template":"","meta":{"advanced_seo_description":"","jetpack_seo_html_title":"","jetpack_seo_noindex":false},"product_brand":[],"product_cat":[151],"product_tag":[60,23,24,39,36,167,19],"class_list":{"0":"post-1288","1":"product","2":"type-product","3":"status-publish","4":"has-post-thumbnail","6":"product_cat-diverse-digital","7":"product_tag-zu-viert","8":"product_tag-drinnen","9":"product_tag-draussen","10":"product_tag-dreier","11":"product_tag-zweier","12":"product_tag-vintage","13":"product_tag-junge-boys","15":"first","16":"instock","17":"virtual","18":"taxable","19":"purchasable","20":"product-type-simple"},"jetpack_sharing_enabled":true,"_links":{"self":[{"href":"https:\/\/homoworld.dk\/de\/wp-json\/wp\/v2\/product\/1288","targetHints":{"allow":["GET"]}}],"collection":[{"href":"https:\/\/homoworld.dk\/de\/wp-json\/wp\/v2\/product"}],"about":[{"href":"https:\/\/homoworld.dk\/de\/wp-json\/wp\/v2\/types\/product"}],"replies":[{"embeddable":true,"href":"https:\/\/homoworld.dk\/de\/wp-json\/wp\/v2\/comments?post=1288"}],"wp:featuredmedia":[{"embeddable":true,"href":"https:\/\/homoworld.dk\/de\/wp-json\/wp\/v2\/media\/1287"}],"wp:attachment":[{"href":"https:\/\/homoworld.dk\/de\/wp-json\/wp\/v2\/media?parent=1288"}],"wp:term":[{"taxonomy":"product_brand","embeddable":true,"href":"https:\/\/homoworld.dk\/de\/wp-json\/wp\/v2\/product_brand?post=1288"},{"taxonomy":"product_cat","embeddable":true,"href":"https:\/\/homoworld.dk\/de\/wp-json\/wp\/v2\/product_cat?post=1288"},{"taxonomy":"product_tag","embeddable":true,"href":"https:\/\/homoworld.dk\/de\/wp-json\/wp\/v2\/product_tag?post=1288"}],"curies":[{"name":"wp","href":"https:\/\/api.w.org\/{rel}","templated":true}]}}