{"id":1016,"date":"2021-08-26T14:30:47","date_gmt":"2021-08-26T12:30:47","guid":{"rendered":"http:\/\/homoworld.dk\/product\/\/"},"modified":"2021-09-27T18:48:24","modified_gmt":"2021-09-27T16:48:24","slug":"legends2-digital","status":"publish","type":"product","link":"https:\/\/homoworld.dk\/de\/product\/legends2-digital\/","title":{"rendered":"Legends#2 - Digital"},"content":{"rendered":"<p>Die Nachfahren der Ureinwohner S\u00fcdamerikas in ihrem nat\u00fcrlichen Umfeld.<br \/>Zweisamkeiten und Soloaction junger Latinos.<\/p>\n<p>L\u00e4nge: 88 Min.<\/p>\n","protected":false},"excerpt":{"rendered":"<p>Die Nachfahren der Ureinwohner S\u00fcdamerikas in ihrem nat\u00fcrlichen Umfeld.Zweisamkeiten und Soloaction junger Latinos. L\u00e4nge: 88 Min.<\/p>\n","protected":false},"featured_media":1015,"comment_status":"open","ping_status":"closed","template":"","meta":{"advanced_seo_description":"","jetpack_seo_html_title":"","jetpack_seo_noindex":false},"product_brand":[],"product_cat":[151],"product_tag":[40,21,152,153,61,155,24,44,154,36,80],"class_list":{"0":"post-1016","1":"product","2":"type-product","3":"status-publish","4":"has-post-thumbnail","6":"product_cat-diverse-digital","7":"product_tag-blasen","8":"product_tag-ficken","9":"product_tag-handjob","10":"product_tag-incas","11":"product_tag-latinos","12":"product_tag-nude","13":"product_tag-draussen","14":"product_tag-solo","15":"product_tag-south-american","16":"product_tag-zweier","17":"product_tag-uniform","19":"first","20":"instock","21":"virtual","22":"taxable","23":"purchasable","24":"product-type-simple"},"jetpack_sharing_enabled":true,"_links":{"self":[{"href":"https:\/\/homoworld.dk\/de\/wp-json\/wp\/v2\/product\/1016","targetHints":{"allow":["GET"]}}],"collection":[{"href":"https:\/\/homoworld.dk\/de\/wp-json\/wp\/v2\/product"}],"about":[{"href":"https:\/\/homoworld.dk\/de\/wp-json\/wp\/v2\/types\/product"}],"replies":[{"embeddable":true,"href":"https:\/\/homoworld.dk\/de\/wp-json\/wp\/v2\/comments?post=1016"}],"wp:featuredmedia":[{"embeddable":true,"href":"https:\/\/homoworld.dk\/de\/wp-json\/wp\/v2\/media\/1015"}],"wp:attachment":[{"href":"https:\/\/homoworld.dk\/de\/wp-json\/wp\/v2\/media?parent=1016"}],"wp:term":[{"taxonomy":"product_brand","embeddable":true,"href":"https:\/\/homoworld.dk\/de\/wp-json\/wp\/v2\/product_brand?post=1016"},{"taxonomy":"product_cat","embeddable":true,"href":"https:\/\/homoworld.dk\/de\/wp-json\/wp\/v2\/product_cat?post=1016"},{"taxonomy":"product_tag","embeddable":true,"href":"https:\/\/homoworld.dk\/de\/wp-json\/wp\/v2\/product_tag?post=1016"}],"curies":[{"name":"wp","href":"https:\/\/api.w.org\/{rel}","templated":true}]}}