{"id":961,"date":"2021-07-19T19:11:49","date_gmt":"2021-07-19T17:11:49","guid":{"rendered":"http:\/\/homoworld.dk\/?page_id=961"},"modified":"2021-07-21T11:05:24","modified_gmt":"2021-07-21T09:05:24","slug":"manage-your-subscription","status":"publish","type":"page","link":"https:\/\/homoworld.dk\/de\/manage-your-subscription\/","title":{"rendered":"Verwalte Dein Abonnement"},"content":{"rendered":"\r\n<p>Hier kannst Du Dein Abonnement \/ Liste verwalten und Dein Profil \u00e4ndern.<\/p>\r\n\r\nDas Formular zur Abonnement-Verwaltung ist nur f\u00fcr Abonnenten einer Mailingliste verf\u00fcgbar.\n","protected":false},"excerpt":{"rendered":"<p>Hier kannst Du Dein Abonnement \/ Liste verwalten und Dein Profil \u00e4ndern. Das Formular zur Abonnement-Verwaltung ist nur f\u00fcr Abonnenten einer Mailingliste verf\u00fcgbar.<\/p>\n","protected":false},"author":1,"featured_media":0,"parent":0,"menu_order":0,"comment_status":"closed","ping_status":"closed","template":"","meta":{"advanced_seo_description":"","jetpack_seo_html_title":"","jetpack_seo_noindex":false,"footnotes":""},"class_list":["post-961","page","type-page","status-publish","hentry"],"jetpack_sharing_enabled":true,"_links":{"self":[{"href":"https:\/\/homoworld.dk\/de\/wp-json\/wp\/v2\/pages\/961","targetHints":{"allow":["GET"]}}],"collection":[{"href":"https:\/\/homoworld.dk\/de\/wp-json\/wp\/v2\/pages"}],"about":[{"href":"https:\/\/homoworld.dk\/de\/wp-json\/wp\/v2\/types\/page"}],"author":[{"embeddable":true,"href":"https:\/\/homoworld.dk\/de\/wp-json\/wp\/v2\/users\/1"}],"replies":[{"embeddable":true,"href":"https:\/\/homoworld.dk\/de\/wp-json\/wp\/v2\/comments?post=961"}],"version-history":[{"count":1,"href":"https:\/\/homoworld.dk\/de\/wp-json\/wp\/v2\/pages\/961\/revisions"}],"predecessor-version":[{"id":962,"href":"https:\/\/homoworld.dk\/de\/wp-json\/wp\/v2\/pages\/961\/revisions\/962"}],"wp:attachment":[{"href":"https:\/\/homoworld.dk\/de\/wp-json\/wp\/v2\/media?parent=961"}],"curies":[{"name":"wp","href":"https:\/\/api.w.org\/{rel}","templated":true}]}}