{"id":693,"date":"2021-03-04T12:49:26","date_gmt":"2021-03-04T11:49:26","guid":{"rendered":"http:\/\/homoworld.dk\/en\/?page_id=693"},"modified":"2021-07-20T17:01:30","modified_gmt":"2021-07-20T15:01:30","slug":"newsletter-subscribtion","status":"publish","type":"page","link":"https:\/\/homoworld.dk\/de\/newsletter-anmeldung\/","title":{"rendered":"Newsletter"},"content":{"rendered":"\r\n<p>Verpasse keine Mitteilungen \u00fcber neue Produkte oder besondere Rabattaktionen. <br \/>Keine Sorge, mit dem Anmelden f\u00fcr unseren Newsletter \u00f6ffnest Du keine Schleusen f\u00fcr unerw\u00fcnschte Reklame. Wir schicken die Mitteilungen nur, wenn es wirklich etwas zu berichten gibt; etwas was Dich interessiert!<\/p>\r\n\r\n\r\n  \n  \n  <div class=\"\n    mailpoet_form_popup_overlay\n      \"><\/div>\n  <div\n    id=\"mailpoet_form_7\"\n    class=\"\n      mailpoet_form\n      mailpoet_form_shortcode\n      mailpoet_form_position_\n      mailpoet_form_animation_\n    \"\n      >\n\n    <style type=\"text\/css\">\n     #mailpoet_form_7 .mailpoet_form {  }\n#mailpoet_form_7 form { margin-bottom: 0; }\n#mailpoet_form_7 h1.mailpoet-heading { margin: 0 0 20px; }\n#mailpoet_form_7 p.mailpoet_form_paragraph.last { margin-bottom: 5px; }\n#mailpoet_form_7 .mailpoet_column_with_background { padding: 10px; }\n#mailpoet_form_7 .mailpoet_form_column:not(:first-child) { margin-left: 20px; }\n#mailpoet_form_7 .mailpoet_paragraph { line-height: 20px; margin-bottom: 20px; }\n#mailpoet_form_7 .mailpoet_segment_label, #mailpoet_form_7 .mailpoet_text_label, #mailpoet_form_7 .mailpoet_textarea_label, #mailpoet_form_7 .mailpoet_select_label, #mailpoet_form_7 .mailpoet_radio_label, #mailpoet_form_7 .mailpoet_checkbox_label, #mailpoet_form_7 .mailpoet_list_label, #mailpoet_form_7 .mailpoet_date_label { display: block; font-weight: normal; }\n#mailpoet_form_7 .mailpoet_text, #mailpoet_form_7 .mailpoet_textarea, #mailpoet_form_7 .mailpoet_select, #mailpoet_form_7 .mailpoet_date_month, #mailpoet_form_7 .mailpoet_date_day, #mailpoet_form_7 .mailpoet_date_year, #mailpoet_form_7 .mailpoet_date { display: block; }\n#mailpoet_form_7 .mailpoet_text, #mailpoet_form_7 .mailpoet_textarea { width: 200px; }\n#mailpoet_form_7 .mailpoet_checkbox {  }\n#mailpoet_form_7 .mailpoet_submit {  }\n#mailpoet_form_7 .mailpoet_divider {  }\n#mailpoet_form_7 .mailpoet_message {  }\n#mailpoet_form_7 .mailpoet_form_loading { width: 30px; text-align: center; line-height: normal; }\n#mailpoet_form_7 .mailpoet_form_loading > span { width: 5px; height: 5px; background-color: #5b5b5b; }#mailpoet_form_7{border-radius: 16px;background: #660000;color: #313131;text-align: center;}#mailpoet_form_7 form.mailpoet_form {padding: 40px;}#mailpoet_form_7{width: 80%;}#mailpoet_form_7 .mailpoet_message {margin: 0; padding: 0 20px;}\n        #mailpoet_form_7 .mailpoet_validate_success {color: #00d084}\n        #mailpoet_form_7 input.parsley-success {color: #00d084}\n        #mailpoet_form_7 select.parsley-success {color: #00d084}\n        #mailpoet_form_7 textarea.parsley-success {color: #00d084}\n      \n        #mailpoet_form_7 .mailpoet_validate_error {color: #cf2e2e}\n        #mailpoet_form_7 input.parsley-error {color: #cf2e2e}\n        #mailpoet_form_7 select.parsley-error {color: #cf2e2e}\n        #mailpoet_form_7 textarea.textarea.parsley-error {color: #cf2e2e}\n        #mailpoet_form_7 .parsley-errors-list {color: #cf2e2e}\n        #mailpoet_form_7 .parsley-required {color: #cf2e2e}\n        #mailpoet_form_7 .parsley-custom-error-message {color: #cf2e2e}\n      #mailpoet_form_7 .mailpoet_paragraph.last {margin-bottom: 0} @media (max-width: 500px) {#mailpoet_form_7 {background: #660000;}} @media (min-width: 500px) {#mailpoet_form_7 .last .mailpoet_paragraph:last-child {margin-bottom: 0}}  @media (max-width: 500px) {#mailpoet_form_7 .mailpoet_form_column:last-child .mailpoet_paragraph:last-child {margin-bottom: 0}} \n    <\/style>\n\n    <form\n      target=\"_self\"\n      method=\"post\"\n      action=\"https:\/\/homoworld.dk\/wp-admin\/admin-post.php?action=mailpoet_subscription_form\"\n      class=\"mailpoet_form mailpoet_form_form mailpoet_form_shortcode\"\n      novalidate\n      data-delay=\"\"\n      data-exit-intent-enabled=\"\"\n      data-font-family=\"\"\n      data-cookie-expiration-time=\"\"\n    >\n      <input type=\"hidden\" name=\"data[form_id]\" value=\"7\" \/>\n      <input type=\"hidden\" name=\"token\" value=\"a1bfbd1535\" \/>\n      <input type=\"hidden\" name=\"api_version\" value=\"v1\" \/>\n      <input type=\"hidden\" name=\"endpoint\" value=\"subscribers\" \/>\n      <input type=\"hidden\" name=\"mailpoet_method\" value=\"subscribe\" \/>\n\n      <label class=\"mailpoet_hp_email_label\" style=\"display: none !important;\">Bitte dieses Feld leer lassen<input type=\"email\" name=\"data[email]\"\/><\/label><div class='mailpoet_spacer' style='height: 10px;'><\/div>\n<div class='mailpoet_form_columns_container'><div class=\"mailpoet_form_columns mailpoet_paragraph mailpoet_stack_on_mobile\"><div class=\"mailpoet_form_column\" style=\"flex-basis:50%;\"><div class=\"mailpoet_paragraph \"><style>input[name=\"data[form_field_ZTg2M2ExMDMxMzA3X2VtYWls]\"]::placeholder{color:#660000;opacity: 1;}<\/style><input type=\"email\" autocomplete=\"email\" class=\"mailpoet_text\" id=\"form_email_7\" name=\"data[form_field_ZTg2M2ExMDMxMzA3X2VtYWls]\" title=\"E-Mail-Adresse\" value=\"\" style=\"background-color:#ffffff;border-style:solid;border-radius:15px !important;border-width:1px;border-color:#660000;padding:8px;margin: 0 auto;font-family:&#039;Arial&#039;;font-size:17px;line-height:1.5;height:auto;color:#660000;\" data-automation-id=\"form_email\"  placeholder=\"E-Mail-Adresse *\" aria-label=\"E-Mail-Adresse *\" data-parsley-errors-container=\".mailpoet_error_1g5ni\" data-parsley-required=\"true\" required aria-required=\"true\" data-parsley-minlength=\"6\" data-parsley-maxlength=\"150\" data-parsley-type-message=\"Dieser Wert sollte eine g\u00fcltige E-Mail-Adresse sein.\" data-parsley-required-message=\"Dieses Feld wird ben\u00f6tigt.\"\/><span class=\"mailpoet_error_1g5ni\"><\/span><\/div>\n<\/div>\n<div class=\"mailpoet_form_column\" style=\"flex-basis:50%;\"><div class=\"mailpoet_paragraph \"><style>input[name=\"data[cf_1]\"]::placeholder{color:#660000;opacity: 1;}<\/style><input type=\"text\" autocomplete=\"on\" class=\"mailpoet_text\" id=\"form_1_7\" name=\"data[cf_1]\" title=\"Name\" value=\"\" style=\"background-color:#ffffff;border-style:solid;border-radius:15px !important;border-width:1px;border-color:#660000;padding:8px;margin: 0 auto;font-family:&#039;Arial&#039;;font-size:17px;line-height:1.5;height:auto;color:#660000;\"   placeholder=\"Name *\" aria-label=\"Name *\" data-parsley-errors-container=\".mailpoet_error_v7cts\" data-parsley-required=\"true\" required aria-required=\"true\" data-parsley-required-message=\"Dieses Feld wird ben\u00f6tigt.\"\/><span class=\"mailpoet_error_v7cts\"><\/span><\/div>\n<\/div>\n<\/div><\/div>\n<div class=\"mailpoet_paragraph \"><input type=\"submit\" class=\"mailpoet_submit\" value=\"Newsletter-Anmeldung\" data-automation-id=\"subscribe-submit-button\" data-font-family='Arial' style=\"background-color:#000000;border-style:solid;border-radius:8px !important;border-width:0px;padding:10px;margin: 0 auto;font-family:&#039;Arial&#039;;font-size:20px;line-height:1.5;height:auto;color:#ffd456;border-color:transparent;font-weight:bold;\" \/><span class=\"mailpoet_form_loading\"><span class=\"mailpoet_bounce1\"><\/span><span class=\"mailpoet_bounce2\"><\/span><span class=\"mailpoet_bounce3\"><\/span><\/span><\/div>\n<p class=\"mailpoet_form_paragraph  mailpoet-has-font-size\" style=\"text-align: center; color: #ffffff; font-size: 13px; line-height: 3.1\"><em><span style=\"font-family: Montserrat\" data-font=\"Montserrat\" class=\"mailpoet-has-font\"><strong>Wir verschicken keinen Spam! <\/strong><\/span><\/em><br><em><span style=\"font-family: Montserrat\" data-font=\"Montserrat\" class=\"mailpoet-has-font\"><strong>Lies unsere <a href=\"http:\/\/homoworld.dk\/de\/datenschutz\/\">Datenschutzrichtlinie<\/a> f\u00fcr mehr Information.<\/strong><\/span><\/em><\/p>\n\n      <div class=\"mailpoet_message\">\n        <p class=\"mailpoet_validate_success\"\n                style=\"display:none;\"\n                >Schau in Deinem Postfach oder im Spamordner nach unserer Mail und best\u00e4tige Deine Anmeldung\n        <\/p>\n        <p class=\"mailpoet_validate_error\"\n                style=\"display:none;\"\n                >        <\/p>\n      <\/div>\n    <\/form>\n\n      <\/div>\n\n  \n","protected":false},"excerpt":{"rendered":"<p>Verpasse keine Mitteilungen \u00fcber neue Produkte oder besondere Rabattaktionen. Keine Sorge, mit dem Anmelden f\u00fcr unseren Newsletter \u00f6ffnest Du keine Schleusen f\u00fcr unerw\u00fcnschte Reklame. Wir schicken die Mitteilungen nur, wenn es wirklich etwas zu berichten gibt; etwas was Dich interessiert! Bitte dieses Feld leer lassen Wir verschicken keinen Spam! Lies unsere Datenschutzrichtlinie f\u00fcr mehr Information. [&hellip;]<\/p>\n","protected":false},"author":1,"featured_media":0,"parent":0,"menu_order":0,"comment_status":"closed","ping_status":"closed","template":"","meta":{"advanced_seo_description":"","jetpack_seo_html_title":"","jetpack_seo_noindex":false,"footnotes":""},"class_list":["post-693","page","type-page","status-publish","hentry"],"jetpack_sharing_enabled":true,"_links":{"self":[{"href":"https:\/\/homoworld.dk\/de\/wp-json\/wp\/v2\/pages\/693","targetHints":{"allow":["GET"]}}],"collection":[{"href":"https:\/\/homoworld.dk\/de\/wp-json\/wp\/v2\/pages"}],"about":[{"href":"https:\/\/homoworld.dk\/de\/wp-json\/wp\/v2\/types\/page"}],"author":[{"embeddable":true,"href":"https:\/\/homoworld.dk\/de\/wp-json\/wp\/v2\/users\/1"}],"replies":[{"embeddable":true,"href":"https:\/\/homoworld.dk\/de\/wp-json\/wp\/v2\/comments?post=693"}],"version-history":[{"count":6,"href":"https:\/\/homoworld.dk\/de\/wp-json\/wp\/v2\/pages\/693\/revisions"}],"predecessor-version":[{"id":957,"href":"https:\/\/homoworld.dk\/de\/wp-json\/wp\/v2\/pages\/693\/revisions\/957"}],"wp:attachment":[{"href":"https:\/\/homoworld.dk\/de\/wp-json\/wp\/v2\/media?parent=693"}],"curies":[{"name":"wp","href":"https:\/\/api.w.org\/{rel}","templated":true}]}}