{"id":630,"date":"2021-02-18T22:14:59","date_gmt":"2021-02-18T21:14:59","guid":{"rendered":"http:\/\/71.19.249.231\/~homowor1\/?page_id=630"},"modified":"2024-12-16T01:12:23","modified_gmt":"2024-12-16T00:12:23","slug":"global-gay-online-shop","status":"publish","type":"page","link":"https:\/\/homoworld.dk\/de\/","title":{"rendered":"Global Gay Online Shop"},"content":{"rendered":"\r\n<h4 class=\"wp-block-heading\"><strong>Willkommen<\/strong><\/h4>\r\n\r\n<p><br \/>Hier findest Du eine der gr\u00f6\u00dften Sammlungen von Bleisch-Videos weltweit (innerhalb von PornoWorld). Zus\u00e4tzlich und exklusiv bieten wir die Marke B-Engel sowie weitere an.<\/p>\r\n<p>Die meisten unserer Videos sind auch digital verf\u00fcgbar. Das bedeutet, dass Du nach Abschluss des Kaufs Download-Link(s) erh\u00e4lst. Auf diese Weise kannst Du Dir Deine DVD selbst brennen und zus\u00e4tzlich Geld sparen, da die digitalen Versionen die g\u00fcnstigste Option sind.<\/p>\r\n<p><strong>HomoWorld<\/strong><\/p>\r\n<p>bietet zahlreiche Vintage-Filme aus den 1990er Jahren, dem goldenen Zeitalter der Pornografie. Vintage-Filme sind unsere Nische. Sie sind wunderbar, \u00e4u\u00dferst sexy und in jedem Fall ein Muss!<\/p>","protected":false},"excerpt":{"rendered":"<p>Willkommen Hier findest Du eine der gr\u00f6\u00dften Sammlungen von Bleisch-Videos weltweit (innerhalb von PornoWorld). Zus\u00e4tzlich und exklusiv bieten wir die Marke B-Engel sowie weitere an. Die meisten unserer Videos sind auch digital verf\u00fcgbar. Das bedeutet, dass Du nach Abschluss des Kaufs Download-Link(s) erh\u00e4lst. Auf diese Weise kannst Du Dir Deine DVD selbst brennen und zus\u00e4tzlich [&hellip;]<\/p>\n","protected":false},"author":1,"featured_media":0,"parent":0,"menu_order":0,"comment_status":"closed","ping_status":"closed","template":"","meta":{"advanced_seo_description":"","jetpack_seo_html_title":"","jetpack_seo_noindex":false,"footnotes":""},"class_list":["post-630","page","type-page","status-publish","hentry"],"jetpack_sharing_enabled":true,"_links":{"self":[{"href":"https:\/\/homoworld.dk\/de\/wp-json\/wp\/v2\/pages\/630","targetHints":{"allow":["GET"]}}],"collection":[{"href":"https:\/\/homoworld.dk\/de\/wp-json\/wp\/v2\/pages"}],"about":[{"href":"https:\/\/homoworld.dk\/de\/wp-json\/wp\/v2\/types\/page"}],"author":[{"embeddable":true,"href":"https:\/\/homoworld.dk\/de\/wp-json\/wp\/v2\/users\/1"}],"replies":[{"embeddable":true,"href":"https:\/\/homoworld.dk\/de\/wp-json\/wp\/v2\/comments?post=630"}],"version-history":[{"count":64,"href":"https:\/\/homoworld.dk\/de\/wp-json\/wp\/v2\/pages\/630\/revisions"}],"predecessor-version":[{"id":1885,"href":"https:\/\/homoworld.dk\/de\/wp-json\/wp\/v2\/pages\/630\/revisions\/1885"}],"wp:attachment":[{"href":"https:\/\/homoworld.dk\/de\/wp-json\/wp\/v2\/media?parent=630"}],"curies":[{"name":"wp","href":"https:\/\/api.w.org\/{rel}","templated":true}]}}