{"id":3,"date":"2021-01-28T16:38:11","date_gmt":"2021-01-28T16:38:11","guid":{"rendered":"http:\/\/71.19.249.231\/~homowor1\/?page_id=3"},"modified":"2024-10-17T16:36:43","modified_gmt":"2024-10-17T15:36:43","slug":"privacy-policy","status":"publish","type":"page","link":"https:\/\/homoworld.dk\/de\/datenschutz\/","title":{"rendered":"Datenschutz"},"content":{"rendered":"<p><\/p>\r\n<p>Datum des Inkrafttretens: Mai, 2019<\/p>\r\n<p>\r\n\r\n<\/p>\r\n<p>HomoWorld (&#8222;wir&#8220;, &#8222;uns&#8220;, &#8222;unser&#8220;) betreibt die Website http:\/\/homoworld.dk (nachstehend als &#8222;Dienst&#8220; bezeichnet).<\/p>\r\n<p>\r\n\r\n<\/p>\r\n<p>Diese Seite enth\u00e4lt Informationen zu der Art und Weise, auf welche wir personenbezogene Daten erfassen, nutzen und offenlegen, wenn Sie unseren Dienst nutzen, sowie zu den Optionen, die Ihnen im Zusammenhang mit diesen Daten zur Verf\u00fcgung stehen.<\/p>\r\n<p>\r\n\r\n<\/p>\r\n<p>Wir nutzen Ihre Daten zur Bereitstellung und Verbesserung unseres Dienstes. Durch Inanspruchnahme des Dienstes erkl\u00e4ren Sie sich mit der Erfassung und Nutzung von Daten durch uns nach Ma\u00dfgabe dieser Richtlinie einverstanden. Soweit in dieser Datenschutz-Richtlinie nicht jeweils etwas anderes angegeben ist, kommt den in dieser Datenschutz-Richtlinie vorkommenden Begriffen jeweils dieselbe Bedeutung zu, die diesen in unseren Allgemeinen Gesch\u00e4ftsbedingungen (AGB) (abrufbar \u00fcber die http:\/\/homoworld.dk) zugewiesen wurde.<\/p>\r\n<p>\r\n\r\n<\/p>\r\n<h3 class=\"wp-block-heading\"><strong>Begriffsdefinitionen<\/strong><\/h3>\r\n<p>\r\n\r\n<\/p>\r\n<p><strong>Dienst<\/strong><\/p>\r\n<p>\r\n\r\n<\/p>\r\n<p>Der Dienst ist der von HomoWorld betriebene Webshop http:\/\/homoworld.dk<\/p>\r\n<p>\r\n\r\n<\/p>\r\n<p><strong>Personenbezogene Daten<\/strong><\/p>\r\n<p>\r\n\r\n<\/p>\r\n<p>Personenbezogene Daten sind Daten, die sich auf eine lebende Person beziehen, welche anhand dieser Daten (bzw. anhand dieser Daten in Kombination mit weiteren Informationen, die sich bereits in unserem Besitz befinden oder mit Wahrscheinlichkeit in unseren Besitz gelangen werden) identifizierbar ist.<\/p>\r\n<p>\r\n\r\n<\/p>\r\n<p><strong>Nutzungsdaten<\/strong><\/p>\r\n<p>\r\n\r\n<\/p>\r\n<p>Nutzungsdaten sind Daten, die automatisch im Rahmen der Nutzung des Dienstes oder innerhalb der Dienstinfrastruktur selbst (insbesondere beim Kauf von Waren) erfasst werden.<\/p>\r\n<p>\r\n\r\n<\/p>\r\n<p><strong>Cookies<\/strong><\/p>\r\n<p>\r\n\r\n<\/p>\r\n<p>Cookies sind kleine Dateien, die auf Ihrem Ger\u00e4t (Computer oder mobiles Endger\u00e4t) gespeichert werden.<\/p>\r\n<p>\r\n\r\n<\/p>\r\n<h3 class=\"wp-block-heading\"><strong>Erfassung und Nutzung von Daten<\/strong><\/h3>\r\n<p>\r\n\r\n<\/p>\r\n<p>Wir erfassen verschiedene Arten von Daten f\u00fcr eine Reihe von Zwecken, um den Dienst, den wir Ihnen zur Verf\u00fcgung stellen, zu verbessern.<\/p>\r\n<p>\r\n\r\n<\/p>\r\n<p><strong>Arten der erfassten Daten<\/strong><\/p>\r\n<p>\r\n\r\n<\/p>\r\n<p>1 &#8211; <strong>Personenbezogene Daten<\/strong><\/p>\r\n<p>\r\n\r\n<\/p>\r\n<p>Im Rahmen der Nutzung unseres Dienstes bitten wir Sie gegebenenfalls um die Zurverf\u00fcgungstellung bestimmter pers\u00f6nlich identifizierbarer Daten, die wir dazu nutzen, um Sie zu kontaktieren oder zu identifizieren (&#8222;personenbezogene Daten&#8220;). Pers\u00f6nlich identifizierbare Daten umfassen beispielsweise folgende Daten (sind jedoch nicht auf diese beschr\u00e4nkt):<\/p>\r\n<p>\r\n\r\n<\/p>\r\n<ul class=\"wp-block-list\">\r\n<li>E-Mail-Adresse<\/li>\r\n<li>Vorname und Nachname<\/li>\r\n<li>Adresse, Staat, Provinz, Postleitzahl, Ort<\/li>\r\n<li>und Nutzungsdaten<\/li>\r\n<\/ul>\r\n<p>\r\n\r\n<\/p>\r\n<p>2 &#8211; <strong>Nutzungsdaten<\/strong><\/p>\r\n<p>\r\n\r\n<\/p>\r\n<p>Wir k\u00f6nnen au\u00dferdem Daten zu der Art und Weise erfassen, auf welche auf unseren Dienst zugegriffen wird bzw. auf welche diese genutzt werden (&#8222;Nutzungsdaten&#8220;). Diese Nutzungsdaten umfassen gegebenenfalls die Internet-Protocol-Adresse (IP-Adresse) Ihres Computers, Ihren Browsertyp, Ihre Browserversion, die von Ihnen innerhalb unseres Dienstes besuchten Seiten, den Zeitpunkt und das Datum Ihres Besuchs, die Gesamtverweildauer auf den betreffenden Seiten, individuelle Ger\u00e4teidentifikationsmerkmale und weitere Diagnostikdaten.<\/p>\r\n<p>\r\n\r\n<\/p>\r\n<p>3 &#8211; <strong>Tracking &amp; Cookies<\/strong><\/p>\r\n<p>\r\n\r\n<\/p>\r\n<p>Wir setzen Cookies und \u00e4hnliche Tracking-Technologien zur \u00dcberwachung der Aktivit\u00e4t innerhalb unseres Dienstes ein und speichern in diesem Zusammenhang bestimmte Daten.<\/p>\r\n<p>\r\n\r\n<\/p>\r\n<p>Die von uns eingesetzten Tracking-Technologien sind so genannte Beacons, Tags und Scripts und dienen der Erfassung und Nachverfolgung von Daten sowie der Verbesserung und Analyse unseres Dienstes.<\/p>\r\n<p>\r\n\r\n<\/p>\r\n<h3 class=\"wp-block-heading\"><strong>Datennutzung<\/strong><\/h3>\r\n<p>\r\n\r\n<\/p>\r\n<p>Wir bei HomoWorld nutzen die erfassten Daten f\u00fcr verschiedene Zwecke, beispielsweise um:<\/p>\r\n<p>\r\n\r\n<\/p>\r\n<ul class=\"wp-block-list\">\r\n<li>Ihnen unseren Dienst zur Verf\u00fcgung zu stellen und diesen aufrecht zu erhalten;<\/li>\r\n<li>Ihnen \u00c4nderungen in Bezug auf unseren Dienst mitzuteilen;<\/li>\r\n<li>es Ihnen auf Wunsch zu erm\u00f6glichen, an den interaktiven Teilen unseres Dienstes teilzunehmen;<\/li>\r\n<li>Kundendienstleistungen zur Verf\u00fcgung zu stellen;<\/li>\r\n<li>Analysedaten und sonstige wertvolle Daten zu erfassen, damit wir unseren Dienst verbessern k\u00f6nnen;<\/li>\r\n<li>die Nutzung unseres Dienstes zu \u00fcberwachen;<\/li>\r\n<li>technische Probleme zu erkennen, zu vermeiden und zu beheben;<\/li>\r\n<\/ul>\r\n<p>\r\n\r\n<\/p>\r\n<h3 class=\"wp-block-heading\"><strong>\u00dcbertragung von Daten<\/strong><\/h3>\r\n<p>\r\n\r\n<\/p>\r\n<p>Ihre Daten, einschlie\u00dflich personenbezogener Daten, k\u00f6nnen auf Computer \u00fcbertragen \u2013 und auf solchen aufbewahrt \u2013 werden, die sich au\u00dferhalb Ihres Heimatstaates, Ihrer Heimatprovinz, Ihres Heimatlandes oder einer sonstigen Rechtsordnung befinden und somit Datenschutzgesetzen unterliegen, die sich von den Datenschutzgesetzen in Ihrer Rechtsordnung unterscheiden.<\/p>\r\n<p>\r\n\r\n<\/p>\r\n<p>Falls Sie sich au\u00dferhalb von D\u00e4nemark befinden und sich dazu entscheiden, Daten an uns zu \u00fcbermitteln, m\u00fcssen Sie zur Kenntnis nehmen, dass wir Ihre Daten, einschlie\u00dflich personenbezogener Daten, nach D\u00e4nemark \u00fcbertragen und diese dort verarbeiten.<\/p>\r\n<p>\r\n\r\n<\/p>\r\n<p>Ihre Zustimmung zu dieser Datenschutz-Richtlinie und eine nachfolgende \u00dcbermittlung von Daten Ihrerseits stellt eine Einverst\u00e4ndniserkl\u00e4rung Ihrerseits zu der genannten \u00dcbertragung dar.<\/p>\r\n<p>\r\n\r\n<\/p>\r\n<p>HomoWorld wird alle im zumutbaren Rahmen erforderlichen Schritte unternehmen um sicherzustellen, dass Ihre Daten auf sichere Weise sowie in \u00dcbereinstimmung mit dieser Datenschutz-Richtlinie behandelt werden, und dass Ihre personenbezogenen Daten nicht an Organisationen oder in L\u00e4nder \u00fcbertragen werden, hinsichtlich welcher keine hinreichenden Kontrollmechanismen in Bezug auf die Sicherheit Ihrer Daten und sonstigen personenbezogenen Informationen vorliegen.<\/p>\r\n<p>\r\n\r\n<\/p>\r\n<h3 class=\"wp-block-heading\"><strong>Offenlegung von Daten<\/strong><\/h3>\r\n<p>\r\n\r\n<\/p>\r\n<p><strong>Gesetzliche Anforderungen<\/strong><\/p>\r\n<p>\r\n\r\n<\/p>\r\n<p>HomoWorld kann Ihre personenbezogenen Daten unter Umst\u00e4nden offenlegen, wenn es unter Beachtung der Grunds\u00e4tze von Treu und Glauben der Ansicht ist, dass dies zur Erreichung der nachfolgenden Zielsetzungen erforderlich ist:<\/p>\r\n<p>\r\n\r\n<\/p>\r\n<ul class=\"wp-block-list\">\r\n<li>zur Erf\u00fcllung einer gesetzlichen Pflicht<\/li>\r\n<li>zum Schutz und zur Verteidigung der Rechte oder des Eigentums von HomoWorld<\/li>\r\n<li>zur Vermeidung oder Untersuchung m\u00f6glicher Fehlverhaltensweisen in Bezug auf den Dienst<\/li>\r\n<li>zum Schutz der pers\u00f6nlichen Sicherheit der Nutzer des Dienstes oder der \u00d6ffentlichkeit<\/li>\r\n<li>zur Vermeidung von Haftungsanspr\u00fcchen<\/li>\r\n<\/ul>\r\n<p>\r\n\r\n<\/p>\r\n<h3 class=\"wp-block-heading\"><strong>Datensicherheit<\/strong><\/h3>\r\n<p>\r\n\r\n<\/p>\r\n<p>Die Sicherheit Ihrer Daten ist uns wichtig. Bitte vergessen Sie jedoch nicht, dass es keine \u00dcbertragungsmethoden \u00fcber das Internet und keine elektronischen Speichermedien gibt, die 100 % sicher sind. Obwohl wir stets bem\u00fcht sind, kommerziell annehmbare Ma\u00dfnahmen zum Schutz Ihrer personenbezogenen Daten umzusetzen, k\u00f6nnen wir eine absolute Sicherheit nicht garantieren.<\/p>\r\n<p>\r\n\r\n<\/p>\r\n<h3 class=\"wp-block-heading\"><strong>Leistungsanbieter<\/strong><\/h3>\r\n<p>\r\n\r\n<\/p>\r\n<p>Wir beauftragen gegebenenfalls dritte Unternehmen und Einzelpersonen (&#8222;Leistungsanbieter&#8220;) mit Unterst\u00fctzungsleistungen (insbesondere den Zahlungsdienstleister) zum einfacheren Angebot unseres Dienstes, mit der Erbringung von Leistungen in unserem Namen, mit der Erbringung von mit unserem Dienst verbundenen Leistungen oder mit Unterst\u00fctzungsleistungen zur Analyse der Art und Weise, auf die unser Dienst in Anspruch genommen wird.<\/p>\r\n<p>\r\n\r\n<\/p>\r\n<p>Diese Dritten k\u00f6nnen auf Ihre personenbezogenen Daten nur in dem Umfang Zugriff nehmen, der f\u00fcr die Erf\u00fcllung der genannten Aufgaben in unserem Namen erforderlich ist, und d\u00fcrfen diese f\u00fcr keine sonstigen Zwecke offenlegen oder nutzen.<\/p>\r\n<p>\r\n\r\n<\/p>\r\n<h3 class=\"wp-block-heading\"><strong>Analytik<\/strong><\/h3>\r\n<p>\r\n\r\n<\/p>\r\n<p><strong>Google Analytics<\/strong><\/p>\r\n<p>\r\n\r\n<\/p>\r\n<p>Google Analytics ist ein von Google angebotener Web-Analytics-Dienst, der Zugriffe auf Websites nachverfolgt und meldet. Google nutzt die gewonnenen Daten zur Nachverfolgung und \u00dcberwachung der Nutzung unseres Dienstes. Diese Daten werden mit anderen Google-Diensten geteilt. Google kann die gewonnenen Daten zur Kontextualisierung und Personalisierung der Werbeanzeigen innerhalb seines eigenen Werbenetzwerks nutzen.<\/p>\r\n<p>\r\n\r\n<\/p>\r\n<p>Sie k\u00f6nnen die \u00dcbertragung Ihrer Aktivit\u00e4t innerhalb unseres Dienstes an Google Analytics abschalten, indem Sie das Browser-Add-on zur Deaktivierung von Google Analytics installieren. Das Add-on verhindert eine Daten\u00fcbertragung an Google Analytics zu Besuchen bzw. Aktivit\u00e4t \u00fcber das JavaScript von Google Analytics (ga.js, analytics.js und dc.js).<\/p>\r\n<p>\r\n\r\n<\/p>\r\n<p>Weitere Informationen zu den Datenschutzma\u00dfnahmen von Google k\u00f6nnen Sie auf Googles Webseite zu seinen Datenschutzbestimmungen (Privacy Terms) einsehen (englisch): https:\/\/policies.google.com\/privacy?hl=en<\/p>\r\n<p>\r\n\r\n<\/p>\r\n<h3 class=\"wp-block-heading\"><strong>Links zu anderen Websites<\/strong><\/h3>\r\n<p>\r\n\r\n<\/p>\r\n<p>Unser Dienst kann Links zu anderen Websites enthalten, die nicht von uns betrieben werden. Wenn Sie auf einen Drittlink klicken, werden Sie direkt auf die Website des betreffenden Dritten weitergeleitet. Wir empfehlen Ihnen dringend, sich jeweils die Datenschutz-Richtlinien aller von Ihnen besuchten Websites durchzulesen.<\/p>\r\n<p>\r\n\r\n<\/p>\r\n<p>Wir haben keine Kontrolle \u00fcber die Inhalte, Datenschutzvorschriften und -praktiken dritter Websites oder Dienste und \u00fcbernehmen in diesem Zusammenhang keine Haftung.<\/p>\r\n<p>\r\n\r\n<\/p>\r\n<h3 class=\"wp-block-heading\"><strong>Privatsph\u00e4re Minderj\u00e4hriger<\/strong><\/h3>\r\n<p>\r\n\r\n<\/p>\r\n<p>Unser Dienst richtet sich nicht an Personen, die das 18. Lebensjahr noch nicht vollendet haben (&#8222;minderj\u00e4hrige Personen&#8220;). Diese Personen sind vom Handel ausgeschlossen.<\/p>\r\n<p>\r\n\r\n<\/p>\r\n<p>Wir erfassen wissentlich keine pers\u00f6nlich identifizierbaren Daten zu minderj\u00e4hrigen Personen. Falls Sie ein Elternteil oder Vormund sind und es Ihnen bekannt wird, dass eine Ihrer Aufsicht unterstehende minderj\u00e4hrige Person uns personenbezogene Daten \u00fcbermittelt hat, bitten wir Sie, mit uns Kontakt aufzunehmen. Falls uns bekannt wird, dass wir personenbezogene Daten einer minderj\u00e4hrigen Person ohne elterliche Zustimmung erfasst haben, setzen wir Ma\u00dfnahmen zur Entfernung dieser Daten von unseren Servern um.<\/p>\r\n<p>\r\n\r\n<\/p>\r\n<h3 class=\"wp-block-heading\"><strong>\u00c4nderungen dieser Datenschutz-Richtlinie<\/strong><\/h3>\r\n<p>\r\n\r\n<\/p>\r\n<p>Wir k\u00f6nnen unsere Datenschutz-Richtlinie von Zeit zu Zeit aktualisieren. Jegliche solcher \u00c4nderungen teilen wir Ihnen mit, indem wir die aktualisierte Fassung auf dieser Seite ver\u00f6ffentlichen.<\/p>\r\n<p>\r\n\r\n<\/p>\r\n<p>Wir werden Sie vor dem Inkrafttreten der betreffenden \u00c4nderung per E-Mail und\/oder mittels einer sonstigen sichtbaren Mitteilung innerhalb unseres Dienstes informieren und das &#8222;Datum des Inkrafttretens&#8220; am Beginn dieser Datenschutz-Richtlinie aktualisieren.<\/p>\r\n<p>\r\n\r\n<\/p>\r\n<p>Wir empfehlen Ihnen, diese Datenschutz-Richtlinie regelm\u00e4\u00dfig auf \u00c4nderungen hin durchzusehen. \u00c4nderungen dieser Datenschutz-Richtlinie werden im Zeitpunkt ihrer Ver\u00f6ffentlichung auf dieser Seite wirksam.<\/p>\r\n<p>\r\n\r\n<\/p>\r\n<h3 class=\"wp-block-heading\"><strong>Kontaktaufnahme<\/strong><\/h3>\r\n<p>\r\n\r\n<\/p>\r\n<p>Falls Sie Fragen zu dieser Datenschutz-Richtlinie haben, k\u00f6nnen Sie wie folgt Kontakt zu uns aufnehmen:<\/p>\r\n<p>\r\n\r\n<\/p>\r\n<p>Per E-Mail: webmaster(at)homoworld.dk<\/p>\r\n<p><\/p>","protected":false},"excerpt":{"rendered":"<p>Datum des Inkrafttretens: Mai, 2019 HomoWorld (&#8222;wir&#8220;, &#8222;uns&#8220;, &#8222;unser&#8220;) betreibt die Website http:\/\/homoworld.dk (nachstehend als &#8222;Dienst&#8220; bezeichnet). Diese Seite enth\u00e4lt Informationen zu der Art und Weise, auf welche wir personenbezogene Daten erfassen, nutzen und offenlegen, wenn Sie unseren Dienst nutzen, sowie zu den Optionen, die Ihnen im Zusammenhang mit diesen Daten zur Verf\u00fcgung stehen. Wir [&hellip;]<\/p>\n","protected":false},"author":1,"featured_media":0,"parent":0,"menu_order":0,"comment_status":"closed","ping_status":"closed","template":"","meta":{"advanced_seo_description":"","jetpack_seo_html_title":"","jetpack_seo_noindex":false,"footnotes":""},"class_list":["post-3","page","type-page","status-publish","hentry"],"jetpack_sharing_enabled":true,"_links":{"self":[{"href":"https:\/\/homoworld.dk\/de\/wp-json\/wp\/v2\/pages\/3","targetHints":{"allow":["GET"]}}],"collection":[{"href":"https:\/\/homoworld.dk\/de\/wp-json\/wp\/v2\/pages"}],"about":[{"href":"https:\/\/homoworld.dk\/de\/wp-json\/wp\/v2\/types\/page"}],"author":[{"embeddable":true,"href":"https:\/\/homoworld.dk\/de\/wp-json\/wp\/v2\/users\/1"}],"replies":[{"embeddable":true,"href":"https:\/\/homoworld.dk\/de\/wp-json\/wp\/v2\/comments?post=3"}],"version-history":[{"count":4,"href":"https:\/\/homoworld.dk\/de\/wp-json\/wp\/v2\/pages\/3\/revisions"}],"predecessor-version":[{"id":1842,"href":"https:\/\/homoworld.dk\/de\/wp-json\/wp\/v2\/pages\/3\/revisions\/1842"}],"wp:attachment":[{"href":"https:\/\/homoworld.dk\/de\/wp-json\/wp\/v2\/media?parent=3"}],"curies":[{"name":"wp","href":"https:\/\/api.w.org\/{rel}","templated":true}]}}