{"id":260,"date":"2021-02-01T12:44:29","date_gmt":"2021-02-01T12:44:29","guid":{"rendered":"http:\/\/71.19.249.231\/~homowor1\/?page_id=260"},"modified":"2021-04-04T19:44:23","modified_gmt":"2021-04-04T17:44:23","slug":"terms-of-delivery","status":"publish","type":"page","link":"https:\/\/homoworld.dk\/de\/agb\/","title":{"rendered":"AGB"},"content":{"rendered":"<p>1. Waren<\/p>\n<p>&nbsp;<\/p>\n<p>Die meisten der hier zu erwerbenden Artikel sind erotische Erzeugnisse. Daher handeln wir nur mit Personen, die das 18. Lebensjahr abgeschlossen haben.<\/p>\n<p>Die bei uns erh\u00e4ltlichen Videos sind im PAL Format. Das ist nur von Interesse, wenn die Videos auf einem Standalone Player abgespielt werden. Da gibt es Einschr\u00e4nkungen, w\u00e4hrend Computer alles lesen und abspielen (PAL\/NTSC)<\/p>\n<p>2. Preise<\/p>\n<p>Alle Preise sind in Euro. Die d\u00e4nische MwSt. ( 25% ) wird\u00a0 am Ende der Rechnung &#8211; ausgewiesen und addiert. Personen, die ausserhalb der EU wohnen sind von der Zahlung der MwSt. befreit. Das System errechnet die zu zahlende MwSt. mit Ausgangspunkt in der Lieferadresse.<br \/>Preis\u00e4nderungen behalten wir uns vor, sowie Druckfehler.<\/p>\n<p>3. Zahlweise<\/p>\n<p>Sie k\u00f6nnen bei uns mit Kreditkarte bezahlen. Wir akzeptieren Visa und Mastercard. <br \/>Wenn Sie per Kreditkarte bezahlen, wird kein Hinweis auf HomoWorld auf Ihren Bankausz\u00fcgen auftauchen. Der Zahlungsverkehr wird durch die Muttergesellschaft wahrgenommen, siehe Ende der Seite.<\/p>\n<p>Sie k\u00f6nnen uns den zu zahlenden Betrag auch auf unser Konto \u00fcberweisen.<\/p>\n<p>Die Bank befindet sich in D\u00e4nemark. Aufgrund einer neuen EU-Vereinbarung sollten die Banken seit Sommer 2003 f\u00fcr \u00dcberweisungen ins EU-Ausland nicht mehr Geb\u00fchren erheben, als bei \u00dcberweisungen im Inland. Welche Geb\u00fchrenordnung Ihre Bank hat, erfahren sie in Ihrer Filiale.<\/p>\n<p>Bitte beachten Sie: Diese Geb\u00fchren sind nicht von der \u00dcberweisung, sondern von Ihrem Konto zu entrichten.<\/p>\n<p>4. Versand<\/p>\n<p>Abh\u00e4ngig von der gew\u00e4hlten Zahlweise ( Kreditkarte oder Nachnahme ) wird eine Bestellung die uns vor 14.30 Uhr erreicht noch am selben Tag versandt.<\/p>\n<p>Sollten Sie \u00dcberweisung als Zahlungsform gew\u00e4hlt haben, warten wir vor dem Versand den Zahlungseingang auf unserem Konto ab ( dies dauert durchschnittlich bei einer europ\u00e4ischen Standard \u00dcberweisung ~ 2 Werktage, bei einer Express\u00fcberweisung ~ 24 Std. )<\/p>\n<p>F\u00fcr Porto, Verpackung und Expedition berechnen wir normaler Weise \u20ac 10,00. Unsere Waren werden durch die k\u00f6niglich D\u00e4nische Post verschickt und die Versanddauer liegt durchschnittlich bei 2-3 Werktagen.<\/p>\n<p>Diskretion ist f\u00fcr uns selbstverst\u00e4ndlich. Alle Bestellungen werden in neutraler Verpackung geliefert, frei von Reklame oder sonstigen Hinweisen auf Herkunft oder Inhalt.<\/p>\n<p>Wir sind nicht verantwortlich oder haftbar f\u00fcr evtl. Importbeschr\u00e4nkungen oder Beschlagnahmen durch Zollbeamte des Empf\u00e4ngerlandes.<\/p>\n<p>4.1 Digitaler Versand<\/p>\n<p>Die meisten Shopabteilungen haben eine digitale Version, wo wir Videos f\u00fcr den Download anbieten. Diese Videos sind im VOB-Format damit sie auf eine DVD gebrannt werden k\u00f6nnen. Wenn der Einkaufsprozess abgeschlossen ist (bei \u00dcberweisung, wenn der Betrag auf unserem Konto angekommen ist) schicken wir innerhalb der ersten 24 Std. den\/die Downloadlink(s) an die angegebene E-Mail-Adresse.<\/p>\n<p>5. Bestellung<\/p>\n<p>Um einen Einkauf zu machen, navigieren Sie sich mit Hilfe der Buttons auf der linken Seite in die gew\u00fcnschte Abteilung. Haben Sie einen Artikel gefunden, den Sie gerne kaufen m\u00f6chten, klicken Sie auf\u00a0 die Schaltfl\u00e4che&#8220;In den Warenkorb&#8220;<\/p>\n<p>Wenn Sie alle die Waren die Sie kaufen m\u00f6chten, in den Einkaufskorb gelegt haben, klicken Sie auf &#8222;Warenkorb&#8220; &#8211; Dort w\u00e4hlen Sie die gew\u00fcnschte Zahlungsform und f\u00fcllen Sie bitte alle Felder aus.<\/p>\n<p>Das Ausf\u00fcllen der pers\u00f6nlichen Daten, insbesondere der Kreditkarteninformationen geschieht in verschl\u00fcsselter SSL Form. Jedwede Information ist dadurch gesch\u00fctzt vor unautorisierten Betrachtern.<\/p>\n<p>6. R\u00fccktrittsrecht<\/p>\n<p>Bei unge\u00f6ffneter Ware gew\u00e4hren wir ein R\u00fcckgaberecht innerhalb von 14 Tagen nach Erhalt der Sendung. Die Versandkosten werden hierbei vom K\u00e4ufer getragen. In dem Augenblick in dem Sie die Ware ( Verpackung ) \u00f6ffnen erlischt das R\u00fcckgaberecht; vgl. Direktive 97\/7\/EC des Europaparlamentes und des Europarates vom 20. Mai 1997, Artikel 6 Abschnitt 3.<\/p>\n<p>Vom R\u00fccktritsrecht ausgenommen sind digital Waren, das heisst Waren, die nicht physisch versand werden, sondern Ihnen per Downloadlink zur Verf\u00fcgung gestellt werden.<\/p>\n<p>7. Gerichtsstand<\/p>\n<p>Es gilt das d\u00e4nische Recht.<\/p>\n<p><img loading=\"lazy\" decoding=\"async\" class=\"aligncenter\" src=\"http:\/\/71.19.249.231\/~homowor1\/wp-content\/uploads\/2021\/02\/Skilt.jpg\" width=\"350\" height=\"200\" \/><\/p>\n<p>&nbsp;<\/p>\n","protected":false},"excerpt":{"rendered":"<p>1. Waren &nbsp; Die meisten der hier zu erwerbenden Artikel sind erotische Erzeugnisse. Daher handeln wir nur mit Personen, die das 18. Lebensjahr abgeschlossen haben. Die bei uns erh\u00e4ltlichen Videos sind im PAL Format. Das ist nur von Interesse, wenn die Videos auf einem Standalone Player abgespielt werden. Da gibt es Einschr\u00e4nkungen, w\u00e4hrend Computer alles [&hellip;]<\/p>\n","protected":false},"author":1,"featured_media":0,"parent":0,"menu_order":0,"comment_status":"closed","ping_status":"closed","template":"","meta":{"advanced_seo_description":"","jetpack_seo_html_title":"","jetpack_seo_noindex":false,"footnotes":""},"class_list":["post-260","page","type-page","status-publish","hentry"],"jetpack_sharing_enabled":true,"_links":{"self":[{"href":"https:\/\/homoworld.dk\/de\/wp-json\/wp\/v2\/pages\/260","targetHints":{"allow":["GET"]}}],"collection":[{"href":"https:\/\/homoworld.dk\/de\/wp-json\/wp\/v2\/pages"}],"about":[{"href":"https:\/\/homoworld.dk\/de\/wp-json\/wp\/v2\/types\/page"}],"author":[{"embeddable":true,"href":"https:\/\/homoworld.dk\/de\/wp-json\/wp\/v2\/users\/1"}],"replies":[{"embeddable":true,"href":"https:\/\/homoworld.dk\/de\/wp-json\/wp\/v2\/comments?post=260"}],"version-history":[{"count":6,"href":"https:\/\/homoworld.dk\/de\/wp-json\/wp\/v2\/pages\/260\/revisions"}],"predecessor-version":[{"id":909,"href":"https:\/\/homoworld.dk\/de\/wp-json\/wp\/v2\/pages\/260\/revisions\/909"}],"wp:attachment":[{"href":"https:\/\/homoworld.dk\/de\/wp-json\/wp\/v2\/media?parent=260"}],"curies":[{"name":"wp","href":"https:\/\/api.w.org\/{rel}","templated":true}]}}