{"id":878,"date":"2021-03-22T14:10:26","date_gmt":"2021-03-22T13:10:26","guid":{"rendered":"http:\/\/homoworld.dk\/product\/\/"},"modified":"2021-03-22T14:19:55","modified_gmt":"2021-03-22T13:19:55","slug":"b-engel-action-14-digital","status":"publish","type":"product","link":"https:\/\/homoworld.dk\/da\/product\/b-engel-action-14-digital\/","title":{"rendered":"B-Engel Action 14 - digital"},"content":{"rendered":"<p>Lureren. Dreng f\u00f8lger to andre i k\u00e6lderen for at observere dem hemmelig. L\u00e6ngde: 110 min.<\/p>\n","protected":false},"excerpt":{"rendered":"<p>Lureren. Dreng f\u00f8lger to andre i k\u00e6lderen for at observere dem hemmelig. L\u00e6ngde: 110 min.<\/p>\n","protected":false},"featured_media":51,"comment_status":"open","ping_status":"closed","template":"","meta":{"advanced_seo_description":"","jetpack_seo_html_title":"","jetpack_seo_noindex":false},"product_brand":[],"product_cat":[144],"product_tag":[22,21,46,57,43,37,44,36,19],"class_list":{"0":"post-878","1":"product","2":"type-product","3":"status-publish","4":"has-post-thumbnail","6":"product_cat-scheer-water-digital","7":"product_tag-blow-job","8":"product_tag-bolle","9":"product_tag-tissesex","10":"product_tag-tisse","12":"product_tag-slikke-rov","13":"product_tag-solo","14":"product_tag-to-mand","15":"product_tag-unge-drenge","17":"first","18":"instock","19":"sale","20":"virtual","21":"taxable","22":"purchasable","23":"product-type-simple"},"jetpack_sharing_enabled":true,"_links":{"self":[{"href":"https:\/\/homoworld.dk\/da\/wp-json\/wp\/v2\/product\/878","targetHints":{"allow":["GET"]}}],"collection":[{"href":"https:\/\/homoworld.dk\/da\/wp-json\/wp\/v2\/product"}],"about":[{"href":"https:\/\/homoworld.dk\/da\/wp-json\/wp\/v2\/types\/product"}],"replies":[{"embeddable":true,"href":"https:\/\/homoworld.dk\/da\/wp-json\/wp\/v2\/comments?post=878"}],"wp:featuredmedia":[{"embeddable":true,"href":"https:\/\/homoworld.dk\/da\/wp-json\/wp\/v2\/media\/51"}],"wp:attachment":[{"href":"https:\/\/homoworld.dk\/da\/wp-json\/wp\/v2\/media?parent=878"}],"wp:term":[{"taxonomy":"product_brand","embeddable":true,"href":"https:\/\/homoworld.dk\/da\/wp-json\/wp\/v2\/product_brand?post=878"},{"taxonomy":"product_cat","embeddable":true,"href":"https:\/\/homoworld.dk\/da\/wp-json\/wp\/v2\/product_cat?post=878"},{"taxonomy":"product_tag","embeddable":true,"href":"https:\/\/homoworld.dk\/da\/wp-json\/wp\/v2\/product_tag?post=878"}],"curies":[{"name":"wp","href":"https:\/\/api.w.org\/{rel}","templated":true}]}}