{"id":850,"date":"2021-03-19T13:13:47","date_gmt":"2021-03-19T12:13:47","guid":{"rendered":"http:\/\/homoworld.dk\/product\/\/"},"modified":"2021-12-01T00:01:23","modified_gmt":"2021-11-30T23:01:23","slug":"bumpkins-harvest-sperm-digital","status":"publish","type":"product","link":"https:\/\/homoworld.dk\/da\/product\/bondedraenge-hoster-saed-digital\/","title":{"rendered":"Bondedrenge h\u00f8ster s\u00e6d - digital"},"content":{"rendered":"<p>L\u00e6ngde: 22 min.<\/p>\n","protected":false},"excerpt":{"rendered":"<p>L\u00e6ngde: 22 min.<\/p>\n","protected":false},"featured_media":36,"comment_status":"open","ping_status":"closed","template":"","meta":{"advanced_seo_description":"","jetpack_seo_html_title":"","jetpack_seo_noindex":false},"product_brand":[],"product_cat":[143],"product_tag":[22,60,21,24,37,36,19],"class_list":{"0":"post-850","1":"product","2":"type-product","3":"status-publish","4":"has-post-thumbnail","6":"product_cat-scheer-digital","7":"product_tag-blow-job","8":"product_tag-med-fire","9":"product_tag-bolle","10":"product_tag-udenfor","11":"product_tag-slikke-rov","12":"product_tag-to-mand","13":"product_tag-unge-drenge","15":"first","16":"instock","17":"virtual","18":"taxable","19":"purchasable","20":"product-type-simple"},"jetpack_sharing_enabled":true,"_links":{"self":[{"href":"https:\/\/homoworld.dk\/da\/wp-json\/wp\/v2\/product\/850","targetHints":{"allow":["GET"]}}],"collection":[{"href":"https:\/\/homoworld.dk\/da\/wp-json\/wp\/v2\/product"}],"about":[{"href":"https:\/\/homoworld.dk\/da\/wp-json\/wp\/v2\/types\/product"}],"replies":[{"embeddable":true,"href":"https:\/\/homoworld.dk\/da\/wp-json\/wp\/v2\/comments?post=850"}],"wp:featuredmedia":[{"embeddable":true,"href":"https:\/\/homoworld.dk\/da\/wp-json\/wp\/v2\/media\/36"}],"wp:attachment":[{"href":"https:\/\/homoworld.dk\/da\/wp-json\/wp\/v2\/media?parent=850"}],"wp:term":[{"taxonomy":"product_brand","embeddable":true,"href":"https:\/\/homoworld.dk\/da\/wp-json\/wp\/v2\/product_brand?post=850"},{"taxonomy":"product_cat","embeddable":true,"href":"https:\/\/homoworld.dk\/da\/wp-json\/wp\/v2\/product_cat?post=850"},{"taxonomy":"product_tag","embeddable":true,"href":"https:\/\/homoworld.dk\/da\/wp-json\/wp\/v2\/product_tag?post=850"}],"curies":[{"name":"wp","href":"https:\/\/api.w.org\/{rel}","templated":true}]}}