{"id":441,"date":"2021-02-11T10:57:10","date_gmt":"2021-02-11T10:57:10","guid":{"rendered":"http:\/\/71.19.249.231\/~homowor1\/product\/\/"},"modified":"2021-12-01T00:01:18","modified_gmt":"2021-11-30T23:01:18","slug":"jens-1-attempt-outdoor","status":"publish","type":"product","link":"https:\/\/homoworld.dk\/da\/product\/jens-1-forsog-udendors\/","title":{"rendered":"Jens 1. fors\u00f8g udend\u00f8rs"},"content":{"rendered":"<p>Hetero dreng Jens blotter sig for f\u00f8rste gang udend\u00f8rs og leger med sin pik. L\u00e6ngde: 60 min.<\/p>\n","protected":false},"excerpt":{"rendered":"<p>Hetero dreng Jens blotter sig for f\u00f8rste gang udend\u00f8rs og leger med sin pik. L\u00e6ngde: 60 min.<\/p>\n","protected":false},"featured_media":169,"comment_status":"open","ping_status":"closed","template":"","meta":{"advanced_seo_description":"","jetpack_seo_html_title":"","jetpack_seo_noindex":false},"product_brand":[],"product_cat":[17],"product_tag":[50,24,44,73,121],"class_list":{"0":"post-441","1":"product","2":"type-product","3":"status-publish","4":"has-post-thumbnail","6":"product_cat-scheer","7":"product_tag-onani","8":"product_tag-udenfor","9":"product_tag-solo","10":"product_tag-spille-pik","11":"product_tag-ung-dreng","13":"first","14":"instock","15":"taxable","16":"shipping-taxable","17":"purchasable","18":"product-type-simple"},"jetpack_sharing_enabled":true,"_links":{"self":[{"href":"https:\/\/homoworld.dk\/da\/wp-json\/wp\/v2\/product\/441","targetHints":{"allow":["GET"]}}],"collection":[{"href":"https:\/\/homoworld.dk\/da\/wp-json\/wp\/v2\/product"}],"about":[{"href":"https:\/\/homoworld.dk\/da\/wp-json\/wp\/v2\/types\/product"}],"replies":[{"embeddable":true,"href":"https:\/\/homoworld.dk\/da\/wp-json\/wp\/v2\/comments?post=441"}],"wp:featuredmedia":[{"embeddable":true,"href":"https:\/\/homoworld.dk\/da\/wp-json\/wp\/v2\/media\/169"}],"wp:attachment":[{"href":"https:\/\/homoworld.dk\/da\/wp-json\/wp\/v2\/media?parent=441"}],"wp:term":[{"taxonomy":"product_brand","embeddable":true,"href":"https:\/\/homoworld.dk\/da\/wp-json\/wp\/v2\/product_brand?post=441"},{"taxonomy":"product_cat","embeddable":true,"href":"https:\/\/homoworld.dk\/da\/wp-json\/wp\/v2\/product_cat?post=441"},{"taxonomy":"product_tag","embeddable":true,"href":"https:\/\/homoworld.dk\/da\/wp-json\/wp\/v2\/product_tag?post=441"}],"curies":[{"name":"wp","href":"https:\/\/api.w.org\/{rel}","templated":true}]}}