{"id":374,"date":"2021-02-08T12:47:00","date_gmt":"2021-02-08T12:47:00","guid":{"rendered":"http:\/\/71.19.249.231\/~homowor1\/product\/\/"},"modified":"2021-02-08T12:47:00","modified_gmt":"2021-02-08T12:47:00","slug":"rogue-landlords","status":"publish","type":"product","link":"https:\/\/homoworld.dk\/da\/product\/rogue-landlords\/","title":{"rendered":"Rogue Landlords"},"content":{"rendered":"<p>P\u00e5 den \u00e9n eller anden m\u00e5de vil drengene betale deres husleje. L\u00e6ngde: 118 min.<\/p>\n","protected":false},"excerpt":{"rendered":"<p>P\u00e5 den \u00e9n eller anden m\u00e5de vil drengene betale deres husleje. L\u00e6ngde: 118 min.<\/p>\n","protected":false},"featured_media":176,"comment_status":"open","ping_status":"closed","template":"","meta":{"advanced_seo_description":"","jetpack_seo_html_title":"","jetpack_seo_noindex":false},"product_brand":[],"product_cat":[31],"product_tag":[90,22,88,87,89],"class_list":{"0":"post-374","1":"product","2":"type-product","3":"status-publish","4":"has-post-thumbnail","6":"product_cat-udsalg","7":"product_tag-11-hotte-drenge","8":"product_tag-blow-job","9":"product_tag-bukkake","10":"product_tag-loadxxx-video","11":"product_tag-orgie","13":"first","14":"instock","15":"sold-individually","16":"taxable","17":"shipping-taxable","18":"purchasable","19":"product-type-simple"},"jetpack_sharing_enabled":true,"_links":{"self":[{"href":"https:\/\/homoworld.dk\/da\/wp-json\/wp\/v2\/product\/374","targetHints":{"allow":["GET"]}}],"collection":[{"href":"https:\/\/homoworld.dk\/da\/wp-json\/wp\/v2\/product"}],"about":[{"href":"https:\/\/homoworld.dk\/da\/wp-json\/wp\/v2\/types\/product"}],"replies":[{"embeddable":true,"href":"https:\/\/homoworld.dk\/da\/wp-json\/wp\/v2\/comments?post=374"}],"wp:featuredmedia":[{"embeddable":true,"href":"https:\/\/homoworld.dk\/da\/wp-json\/wp\/v2\/media\/176"}],"wp:attachment":[{"href":"https:\/\/homoworld.dk\/da\/wp-json\/wp\/v2\/media?parent=374"}],"wp:term":[{"taxonomy":"product_brand","embeddable":true,"href":"https:\/\/homoworld.dk\/da\/wp-json\/wp\/v2\/product_brand?post=374"},{"taxonomy":"product_cat","embeddable":true,"href":"https:\/\/homoworld.dk\/da\/wp-json\/wp\/v2\/product_cat?post=374"},{"taxonomy":"product_tag","embeddable":true,"href":"https:\/\/homoworld.dk\/da\/wp-json\/wp\/v2\/product_tag?post=374"}],"curies":[{"name":"wp","href":"https:\/\/api.w.org\/{rel}","templated":true}]}}