{"id":1900,"date":"2025-01-24T16:41:21","date_gmt":"2025-01-24T15:41:21","guid":{"rendered":"https:\/\/homoworld.dk\/product\/\/"},"modified":"2025-01-24T19:29:08","modified_gmt":"2025-01-24T18:29:08","slug":"boy-crash","status":"publish","type":"product","link":"https:\/\/homoworld.dk\/da\/product\/boy-crash\/","title":{"rendered":"Boy Crash"},"content":{"rendered":"<p>Den turbulente skiferie var ikke uden konsekvenser for Peter. L\u00e6gen<br \/>gipsede sit kn\u00e6 og tvang ham til at tage en pause.<br \/>Helvede bryder l\u00f8s ved hans to venners allerf\u00f8rste bes\u00f8g.<br \/>De s\u00e6tter gang i et fyrv\u00e6rkeri af sensualitet. Nyd de naturligt liderlige <br \/>dr\u00f8mmedrenge i sp\u00e6ndende stillinger. De onanerer, stripper og knepper<br \/>indtil deres indgangsluger l\u00f8ber varme. Og kun den mest ekstreme<br \/>anal tilfredsstillelse f\u00f8rer til orgasme er en selvf\u00f8lge for de 3<br \/>drenge som en selvf\u00f8lge. Du kan v\u00e6re sikker p\u00e5<br \/>at dit blod skyder i de rigtige \u00e5rer.<\/p>\n<p>Medvirkende: Peter Rush, Roman P., Louis M.<\/p>\n","protected":false},"excerpt":{"rendered":"<p>Produktion: Man&#8217;s Best &#038; Entis Film<br \/>\nL\u00e6ngde: 49 min.<\/p>\n","protected":false},"featured_media":1903,"comment_status":"closed","ping_status":"closed","template":"","meta":{"advanced_seo_description":"","jetpack_seo_html_title":"","jetpack_seo_noindex":false},"product_brand":[],"product_cat":[150],"product_tag":[21,109,24,177,108,39,36,19],"class_list":{"0":"post-1900","1":"product","2":"type-product","3":"status-publish","4":"has-post-thumbnail","6":"product_cat-diverse-dvd","7":"product_tag-bolle","8":"product_tag-mans-best","9":"product_tag-udenfor","10":"product_tag-smiling-boys","11":"product_tag-sutte","12":"product_tag-trekanten","13":"product_tag-to-mand","14":"product_tag-unge-drenge","16":"first","17":"instock","18":"taxable","19":"shipping-taxable","20":"purchasable","21":"product-type-simple"},"jetpack_sharing_enabled":true,"_links":{"self":[{"href":"https:\/\/homoworld.dk\/da\/wp-json\/wp\/v2\/product\/1900","targetHints":{"allow":["GET"]}}],"collection":[{"href":"https:\/\/homoworld.dk\/da\/wp-json\/wp\/v2\/product"}],"about":[{"href":"https:\/\/homoworld.dk\/da\/wp-json\/wp\/v2\/types\/product"}],"replies":[{"embeddable":true,"href":"https:\/\/homoworld.dk\/da\/wp-json\/wp\/v2\/comments?post=1900"}],"wp:featuredmedia":[{"embeddable":true,"href":"https:\/\/homoworld.dk\/da\/wp-json\/wp\/v2\/media\/1903"}],"wp:attachment":[{"href":"https:\/\/homoworld.dk\/da\/wp-json\/wp\/v2\/media?parent=1900"}],"wp:term":[{"taxonomy":"product_brand","embeddable":true,"href":"https:\/\/homoworld.dk\/da\/wp-json\/wp\/v2\/product_brand?post=1900"},{"taxonomy":"product_cat","embeddable":true,"href":"https:\/\/homoworld.dk\/da\/wp-json\/wp\/v2\/product_cat?post=1900"},{"taxonomy":"product_tag","embeddable":true,"href":"https:\/\/homoworld.dk\/da\/wp-json\/wp\/v2\/product_tag?post=1900"}],"curies":[{"name":"wp","href":"https:\/\/api.w.org\/{rel}","templated":true}]}}