{"id":1864,"date":"2024-12-03T18:56:24","date_gmt":"2024-12-03T17:56:24","guid":{"rendered":"https:\/\/homoworld.dk\/product\/\/"},"modified":"2024-12-03T18:57:50","modified_gmt":"2024-12-03T17:57:50","slug":"mega-clips-digital","status":"publish","type":"product","link":"https:\/\/homoworld.dk\/da\/product\/mega-clips-digital\/","title":{"rendered":"Mega Clips Digital"},"content":{"rendered":"<p>Storsl\u00e5et sexaktion &#8211; simpelthen det bedste og fr\u00e6kkeste fra &#8220;MEGA-CLIPS&#8221;, en kendt serie af MansBest.<br \/>\nVeltr\u00e6nede muskelm\u00e6nd driver deres lystne partnere til ekstasens gr\u00e6nser. Deres enorme pikke fremkalder magiske skrig af beg\u00e6r. Uskyldige drenge forvandles til vilde sexdj\u00e6vle.<\/p>\n<p>En MansBest produktion.<\/p>\n<p>L\u00e6ngde: 180 min.<\/p>\n","protected":false},"excerpt":{"rendered":"<p>Storsl\u00e5et sexaktion &#8211; simpelthen det bedste og fr\u00e6kkeste fra &#8220;MEGA-CLIPS&#8221;, en kendt serie af MansBest. Veltr\u00e6nede muskelm\u00e6nd driver deres lystne partnere til ekstasens gr\u00e6nser. Deres enorme pikke fremkalder magiske skrig af beg\u00e6r. Uskyldige drenge forvandles til vilde sexdj\u00e6vle. En MansBest produktion. L\u00e6ngde: 180 min.<\/p>\n","protected":false},"featured_media":1863,"comment_status":"closed","ping_status":"closed","template":"","meta":{"advanced_seo_description":"","jetpack_seo_html_title":"","jetpack_seo_noindex":false},"product_brand":[],"product_cat":[151],"product_tag":[22,21,79,175,39,36,19],"class_list":{"0":"post-1864","1":"product","2":"type-product","3":"status-publish","4":"has-post-thumbnail","6":"product_cat-diverse-digital","7":"product_tag-blow-job","8":"product_tag-bolle","9":"product_tag-gruppe","10":"product_tag-riming","11":"product_tag-trekanten","12":"product_tag-to-mand","13":"product_tag-unge-drenge","15":"first","16":"instock","17":"virtual","18":"taxable","19":"purchasable","20":"product-type-simple"},"jetpack_sharing_enabled":true,"_links":{"self":[{"href":"https:\/\/homoworld.dk\/da\/wp-json\/wp\/v2\/product\/1864","targetHints":{"allow":["GET"]}}],"collection":[{"href":"https:\/\/homoworld.dk\/da\/wp-json\/wp\/v2\/product"}],"about":[{"href":"https:\/\/homoworld.dk\/da\/wp-json\/wp\/v2\/types\/product"}],"replies":[{"embeddable":true,"href":"https:\/\/homoworld.dk\/da\/wp-json\/wp\/v2\/comments?post=1864"}],"wp:featuredmedia":[{"embeddable":true,"href":"https:\/\/homoworld.dk\/da\/wp-json\/wp\/v2\/media\/1863"}],"wp:attachment":[{"href":"https:\/\/homoworld.dk\/da\/wp-json\/wp\/v2\/media?parent=1864"}],"wp:term":[{"taxonomy":"product_brand","embeddable":true,"href":"https:\/\/homoworld.dk\/da\/wp-json\/wp\/v2\/product_brand?post=1864"},{"taxonomy":"product_cat","embeddable":true,"href":"https:\/\/homoworld.dk\/da\/wp-json\/wp\/v2\/product_cat?post=1864"},{"taxonomy":"product_tag","embeddable":true,"href":"https:\/\/homoworld.dk\/da\/wp-json\/wp\/v2\/product_tag?post=1864"}],"curies":[{"name":"wp","href":"https:\/\/api.w.org\/{rel}","templated":true}]}}