{"id":1494,"date":"2023-11-22T18:53:21","date_gmt":"2023-11-22T17:53:21","guid":{"rendered":"http:\/\/homoworld.dk\/product\/\/"},"modified":"2023-11-22T19:40:23","modified_gmt":"2023-11-22T18:40:23","slug":"tendres-adolescents-digital","status":"publish","type":"product","link":"https:\/\/homoworld.dk\/da\/product\/tendres-adolescents-digital\/","title":{"rendered":"Tendres Adolescents - Digital"},"content":{"rendered":"<h4><strong>K\u00e6rlige teenager<\/strong><\/h4>\n<p>Instrukt\u00f8r Jean-Daniel Cadinot<br \/>Frankrig, 1980<\/p>\n<p>H\u00f8sttid\u2026 den milde sommervarme\u2026 dagen er ved at ende. Det er tid for de to unge g\u00e5rddrenge at tage hjem. Men hvor berusende er duften af h\u00f8, opvarmet af solen\u2026<\/p>\n<p>L\u00e6ngde: 30 min.<\/p>\n","protected":false},"excerpt":{"rendered":"<p>K\u00e6rlige teenager Instrukt\u00f8r Jean-Daniel CadinotFrankrig, 1980 H\u00f8sttid\u2026 den milde sommervarme\u2026 dagen er ved at ende. Det er tid for de to unge g\u00e5rddrenge at tage hjem. Men hvor berusende er duften af h\u00f8, opvarmet af solen\u2026 L\u00e6ngde: 30 min.<\/p>\n","protected":false},"featured_media":1493,"comment_status":"closed","ping_status":"closed","template":"","meta":{"advanced_seo_description":"","jetpack_seo_html_title":"","jetpack_seo_noindex":false},"product_brand":[],"product_cat":[151,114],"product_tag":[40,21,152,24,173,36,19],"class_list":{"0":"post-1494","1":"product","2":"type-product","3":"status-publish","4":"has-post-thumbnail","6":"product_cat-diverse-digital","7":"product_cat-pornoworld","8":"product_tag-blowjob","9":"product_tag-bolle","10":"product_tag-handjob","11":"product_tag-udenfor","12":"product_tag-romantic","13":"product_tag-to-mand","14":"product_tag-unge-drenge","16":"first","17":"instock","18":"virtual","19":"taxable","20":"purchasable","21":"product-type-simple"},"jetpack_sharing_enabled":true,"_links":{"self":[{"href":"https:\/\/homoworld.dk\/da\/wp-json\/wp\/v2\/product\/1494","targetHints":{"allow":["GET"]}}],"collection":[{"href":"https:\/\/homoworld.dk\/da\/wp-json\/wp\/v2\/product"}],"about":[{"href":"https:\/\/homoworld.dk\/da\/wp-json\/wp\/v2\/types\/product"}],"replies":[{"embeddable":true,"href":"https:\/\/homoworld.dk\/da\/wp-json\/wp\/v2\/comments?post=1494"}],"wp:featuredmedia":[{"embeddable":true,"href":"https:\/\/homoworld.dk\/da\/wp-json\/wp\/v2\/media\/1493"}],"wp:attachment":[{"href":"https:\/\/homoworld.dk\/da\/wp-json\/wp\/v2\/media?parent=1494"}],"wp:term":[{"taxonomy":"product_brand","embeddable":true,"href":"https:\/\/homoworld.dk\/da\/wp-json\/wp\/v2\/product_brand?post=1494"},{"taxonomy":"product_cat","embeddable":true,"href":"https:\/\/homoworld.dk\/da\/wp-json\/wp\/v2\/product_cat?post=1494"},{"taxonomy":"product_tag","embeddable":true,"href":"https:\/\/homoworld.dk\/da\/wp-json\/wp\/v2\/product_tag?post=1494"}],"curies":[{"name":"wp","href":"https:\/\/api.w.org\/{rel}","templated":true}]}}