{"id":1492,"date":"2023-11-22T18:27:01","date_gmt":"2023-11-22T17:27:01","guid":{"rendered":"http:\/\/homoworld.dk\/product\/\/"},"modified":"2023-11-22T18:48:39","modified_gmt":"2023-11-22T17:48:39","slug":"tendres-adolescents","status":"publish","type":"product","link":"https:\/\/homoworld.dk\/da\/product\/tendres-adolescents\/","title":{"rendered":"Tendres Adolescents"},"content":{"rendered":"<p><strong>K\u00e6rlige teenager<\/strong><\/p>\n<p>Instrukt\u00f8r Jean-Daniel Cadinot<br \/>Frankrig, 1980<\/p>\n<p>H\u00f8sttid&#8230; den milde sommervarme&#8230; dagen er ved at ende. Det er tid for de to unge g\u00e5rdbr\u00f8dre at tage hjem. Men hvor berusende er duften af h\u00f8, opvarmet af solen&#8230; <\/p>\n<p>L\u00e6ngde: 30 min.<\/p>\n<div class=\"flex-1 overflow-hidden\">\n<div class=\"react-scroll-to-bottom--css-pqkho-79elbk h-full\">\n<div class=\"react-scroll-to-bottom--css-pqkho-1n7m0yu\">\n<div class=\"flex flex-col text-sm gizmo:pb-9 dark:bg-gray-800 gizmo:dark:bg-transparent\">\n<div class=\"w-full text-token-text-primary border-b border-black\/10 gizmo:border-0 dark:border-gray-900\/50 gizmo:dark:border-0 bg-gray-50 gizmo:bg-transparent dark:bg-[#444654] gizmo:dark:bg-transparent\" data-testid=\"conversation-turn-13\">\n<div class=\"p-4 gizmo:py-2 justify-center text-base md:gap-6 md:py-6 m-auto\">\n<div class=\"flex flex-1 gap-4 text-base mx-auto md:gap-6 gizmo:gap-3 gizmo:md:px-5 gizmo:lg:px-1 gizmo:xl:px-5 md:max-w-2xl lg:max-w-[38rem] gizmo:md:max-w-3xl gizmo:lg:max-w-[40rem] gizmo:xl:max-w-[48rem] xl:max-w-3xl } group final-completion\">\n<div class=\"relative flex w-[calc(100%-50px)] flex-col gizmo:w-full lg:w-[calc(100%-115px)] agent-turn\">\n<div class=\"flex-col gap-1 md:gap-3\">\n<div class=\"flex justify-between empty:hidden gizmo:mt-1 gizmo:justify-start gizmo:gap-3 lg:block gizmo:lg:flex\">\n<div class=\"text-gray-400 flex self-end lg:self-center justify-center gizmo:lg:justify-start mt-2 gizmo:mt-0 visible gap-1\"><button class=\"flex ml-auto gizmo:ml-0 gap-1 items-center rounded-md p-1 text-xs gizmo:gap-1.5 gizmo:pl-0 dark:text-gray-400 dark:hover:text-gray-200 disabled:dark:hover:text-gray-400 hover:text-gray-950 md:invisible md:group-hover:visible md:group-[.final-completion]:visible\"><\/button><\/p>\n<div class=\"flex gap-1\">&nbsp;<\/div>\n<div class=\"flex items-center gap-1.5 text-xs\">&nbsp;<\/div>\n<\/div>\n<\/div>\n<\/div>\n<\/div>\n<\/div>\n<\/div>\n<\/div>\n<\/div>\n<\/div>\n<\/div>\n<\/div>\n<div class=\"w-full pt-2 md:pt-0 border-t md:border-t-0 gizmo:border-t-0 dark:border-white\/20 md:border-transparent md:dark:border-transparent md:pl-2 gizmo:pl-0 gizmo:md:pl-0 md:w-[calc(100%-.5rem)]\">\n<form class=\"stretch mx-2 flex flex-row gap-3 last:mb-2 md:mx-4 md:last:mb-6 lg:mx-auto lg:max-w-2xl xl:max-w-3xl\">\n<div class=\"relative flex h-full flex-1 items-stretch md:flex-col\">\n<div class=\"flex w-full items-center\">&nbsp;<\/div>\n<\/div>\n<\/form>\n<\/div>\n","protected":false},"excerpt":{"rendered":"<p>K\u00e6rlige teenager Instrukt\u00f8r Jean-Daniel CadinotFrankrig, 1980 H\u00f8sttid&#8230; den milde sommervarme&#8230; dagen er ved at ende. Det er tid for de to unge g\u00e5rdbr\u00f8dre at tage hjem. Men hvor berusende er duften af h\u00f8, opvarmet af solen&#8230; L\u00e6ngde: 30 min. &nbsp; &nbsp; &nbsp;<\/p>\n","protected":false},"featured_media":1493,"comment_status":"closed","ping_status":"closed","template":"","meta":{"advanced_seo_description":"","jetpack_seo_html_title":"","jetpack_seo_noindex":false},"product_brand":[],"product_cat":[150,114],"product_tag":[172,21,173,36,19],"class_list":{"0":"post-1492","1":"product","2":"type-product","3":"status-publish","4":"has-post-thumbnail","6":"product_cat-diverse-dvd","7":"product_cat-pornoworld","8":"product_tag-blowing","9":"product_tag-bolle","10":"product_tag-romantic","11":"product_tag-to-mand","12":"product_tag-unge-drenge","14":"first","15":"instock","16":"taxable","17":"shipping-taxable","18":"purchasable","19":"product-type-simple"},"jetpack_sharing_enabled":true,"_links":{"self":[{"href":"https:\/\/homoworld.dk\/da\/wp-json\/wp\/v2\/product\/1492","targetHints":{"allow":["GET"]}}],"collection":[{"href":"https:\/\/homoworld.dk\/da\/wp-json\/wp\/v2\/product"}],"about":[{"href":"https:\/\/homoworld.dk\/da\/wp-json\/wp\/v2\/types\/product"}],"replies":[{"embeddable":true,"href":"https:\/\/homoworld.dk\/da\/wp-json\/wp\/v2\/comments?post=1492"}],"wp:featuredmedia":[{"embeddable":true,"href":"https:\/\/homoworld.dk\/da\/wp-json\/wp\/v2\/media\/1493"}],"wp:attachment":[{"href":"https:\/\/homoworld.dk\/da\/wp-json\/wp\/v2\/media?parent=1492"}],"wp:term":[{"taxonomy":"product_brand","embeddable":true,"href":"https:\/\/homoworld.dk\/da\/wp-json\/wp\/v2\/product_brand?post=1492"},{"taxonomy":"product_cat","embeddable":true,"href":"https:\/\/homoworld.dk\/da\/wp-json\/wp\/v2\/product_cat?post=1492"},{"taxonomy":"product_tag","embeddable":true,"href":"https:\/\/homoworld.dk\/da\/wp-json\/wp\/v2\/product_tag?post=1492"}],"curies":[{"name":"wp","href":"https:\/\/api.w.org\/{rel}","templated":true}]}}