{"id":1376,"date":"2023-07-12T14:25:59","date_gmt":"2023-07-12T13:25:59","guid":{"rendered":"http:\/\/homoworld.dk\/product\/\/"},"modified":"2023-10-01T12:23:23","modified_gmt":"2023-10-01T11:23:23","slug":"das-fickende-klassenzimmer","status":"publish","type":"product","link":"https:\/\/homoworld.dk\/da\/product\/das-fickende-klassenzimmer\/","title":{"rendered":"Das fickende Klassenzimmer"},"content":{"rendered":"<p>Denne video fort\u00e6ller historien om en skole i Prag fra \u00e5rhundredeskiftet. Geografi og matematik er l\u00e6rer Libor Johnsons motiv, mens eleverne kun t\u00e6nker p\u00e5 seksuelle eksperimenter. Selv Libor er ikke immun over for den tykke seksuelle sp\u00e6nding, der gennemsyrer klassev\u00e6relset. Under en privat undervisningstime kan han simpelthen ikke styre sig og slipper sin massive, tykke pik l\u00f8s til gl\u00e6de for den s\u00f8de Peter Azur, der f\u00e5r sin lukkemuskel til at str\u00e6kke sig. Senere skal Libor disciplinere to uregerlige elever p\u00e5 sit kontor. Drengene benytter lejligheden til at opleve Libors utrolige pik b\u00e5de oralt og analt, hvilket driver ham til to massive orgasmer p\u00e5 bare et \u00f8jeblik. Se med, n\u00e5r de to l\u00e6kre fyre slubrer Libors s\u00e6d i sig, som var det slik! 13 liderlige unge kn\u00e6gte i 4 lange, hede scener, inklusive et 11-mands orgie til sidst.<\/p>\n<p>En Mans Best produktion fra 1993.<br \/>\nVarighed: 75 min.<\/p>\n","protected":false},"excerpt":{"rendered":"<p>Denne video fort\u00e6ller historien om en skole i Prag fra \u00e5rhundredeskiftet. Geografi og matematik er l\u00e6rer Libor Johnsons motiv, mens eleverne kun t\u00e6nker p\u00e5 seksuelle eksperimenter. Selv Libor er ikke immun over for den tykke seksuelle sp\u00e6nding, der gennemsyrer klassev\u00e6relset. Under en privat undervisningstime kan han simpelthen ikke styre sig og slipper sin massive, tykke [&hellip;]<\/p>\n","protected":false},"featured_media":1377,"comment_status":"closed","ping_status":"closed","template":"","meta":{"advanced_seo_description":"","jetpack_seo_html_title":"","jetpack_seo_noindex":false},"product_brand":[],"product_cat":[150,114],"product_tag":[21,165,89,168,169,108,39,36,19],"class_list":{"0":"post-1376","1":"product","2":"type-product","3":"status-publish","4":"has-post-thumbnail","6":"product_cat-diverse-dvd","7":"product_cat-pornoworld","8":"product_tag-bolle","9":"product_tag-onani","10":"product_tag-orgie","11":"product_tag-straf","12":"product_tag-elever","13":"product_tag-sutte","14":"product_tag-trekanten","15":"product_tag-to-mand","16":"product_tag-unge-drenge","18":"first","19":"instock","20":"taxable","21":"shipping-taxable","22":"purchasable","23":"product-type-simple"},"jetpack_sharing_enabled":true,"_links":{"self":[{"href":"https:\/\/homoworld.dk\/da\/wp-json\/wp\/v2\/product\/1376","targetHints":{"allow":["GET"]}}],"collection":[{"href":"https:\/\/homoworld.dk\/da\/wp-json\/wp\/v2\/product"}],"about":[{"href":"https:\/\/homoworld.dk\/da\/wp-json\/wp\/v2\/types\/product"}],"replies":[{"embeddable":true,"href":"https:\/\/homoworld.dk\/da\/wp-json\/wp\/v2\/comments?post=1376"}],"wp:featuredmedia":[{"embeddable":true,"href":"https:\/\/homoworld.dk\/da\/wp-json\/wp\/v2\/media\/1377"}],"wp:attachment":[{"href":"https:\/\/homoworld.dk\/da\/wp-json\/wp\/v2\/media?parent=1376"}],"wp:term":[{"taxonomy":"product_brand","embeddable":true,"href":"https:\/\/homoworld.dk\/da\/wp-json\/wp\/v2\/product_brand?post=1376"},{"taxonomy":"product_cat","embeddable":true,"href":"https:\/\/homoworld.dk\/da\/wp-json\/wp\/v2\/product_cat?post=1376"},{"taxonomy":"product_tag","embeddable":true,"href":"https:\/\/homoworld.dk\/da\/wp-json\/wp\/v2\/product_tag?post=1376"}],"curies":[{"name":"wp","href":"https:\/\/api.w.org\/{rel}","templated":true}]}}