{"id":1375,"date":"2023-07-12T13:53:15","date_gmt":"2023-07-12T12:53:15","guid":{"rendered":"http:\/\/homoworld.dk\/product\/\/"},"modified":"2023-07-12T13:53:15","modified_gmt":"2023-07-12T12:53:15","slug":"dream-boys-digital","status":"publish","type":"product","link":"https:\/\/homoworld.dk\/da\/product\/dream-boys-digital\/","title":{"rendered":"Dream Boys Digital"},"content":{"rendered":"<p>Michaels passionerede eventyr forts\u00e6tter, mens han bev\u00e6ger sig fra seng til seng. Efter at v\u00e6re blevet samlet op af to liderlige drenge, bliver han taget med til en vild diskotek, hvor alt er tilladt. Michael bliver introduceret til Jan, og mens de to drenge elsker hinanden p\u00e5 dansegulvet, bliver festen til en orgie af drenge d\u00e6kket i s\u00e6d.<\/p>\n<p>L\u00e6ngde: 90 min.<\/p>\n","protected":false},"excerpt":{"rendered":"<p>Michaels passionerede eventyr forts\u00e6tter, mens han bev\u00e6ger sig fra seng til seng. Efter at v\u00e6re blevet samlet op af to liderlige drenge, bliver han taget med til en vild diskotek, hvor alt er tilladt. Michael bliver introduceret til Jan, og mens de to drenge elsker hinanden p\u00e5 dansegulvet, bliver festen til en orgie af drenge [&hellip;]<\/p>\n","protected":false},"featured_media":1374,"comment_status":"closed","ping_status":"closed","template":"","meta":{"advanced_seo_description":"","jetpack_seo_html_title":"","jetpack_seo_noindex":false},"product_brand":[],"product_cat":[151,114],"product_tag":[21,89,108,39,36,19],"class_list":{"0":"post-1375","1":"product","2":"type-product","3":"status-publish","4":"has-post-thumbnail","6":"product_cat-diverse-digital","7":"product_cat-pornoworld","8":"product_tag-bolle","9":"product_tag-orgie","10":"product_tag-sutte","11":"product_tag-trekanten","12":"product_tag-to-mand","13":"product_tag-unge-drenge","15":"first","16":"instock","17":"virtual","18":"taxable","19":"purchasable","20":"product-type-simple"},"jetpack_sharing_enabled":true,"_links":{"self":[{"href":"https:\/\/homoworld.dk\/da\/wp-json\/wp\/v2\/product\/1375","targetHints":{"allow":["GET"]}}],"collection":[{"href":"https:\/\/homoworld.dk\/da\/wp-json\/wp\/v2\/product"}],"about":[{"href":"https:\/\/homoworld.dk\/da\/wp-json\/wp\/v2\/types\/product"}],"replies":[{"embeddable":true,"href":"https:\/\/homoworld.dk\/da\/wp-json\/wp\/v2\/comments?post=1375"}],"wp:featuredmedia":[{"embeddable":true,"href":"https:\/\/homoworld.dk\/da\/wp-json\/wp\/v2\/media\/1374"}],"wp:attachment":[{"href":"https:\/\/homoworld.dk\/da\/wp-json\/wp\/v2\/media?parent=1375"}],"wp:term":[{"taxonomy":"product_brand","embeddable":true,"href":"https:\/\/homoworld.dk\/da\/wp-json\/wp\/v2\/product_brand?post=1375"},{"taxonomy":"product_cat","embeddable":true,"href":"https:\/\/homoworld.dk\/da\/wp-json\/wp\/v2\/product_cat?post=1375"},{"taxonomy":"product_tag","embeddable":true,"href":"https:\/\/homoworld.dk\/da\/wp-json\/wp\/v2\/product_tag?post=1375"}],"curies":[{"name":"wp","href":"https:\/\/api.w.org\/{rel}","templated":true}]}}