{"id":1046,"date":"2021-10-19T18:34:18","date_gmt":"2021-10-19T16:34:18","guid":{"rendered":"http:\/\/homoworld.dk\/product\/\/"},"modified":"2021-10-19T18:43:47","modified_gmt":"2021-10-19T16:43:47","slug":"gero-extra-5","status":"publish","type":"product","link":"https:\/\/homoworld.dk\/da\/product\/gero-extra-5\/","title":{"rendered":"Gero Extra 5"},"content":{"rendered":"<p>Latinos<\/p>\n<p>Mange eksotiske drenge f\u00e5 det til at regne s\u00e6d. Alene og sammen med deres venner.<\/p>\n<p>Mange hotte udend\u00f8rs-scener under palmekviste og meget mere . . .<\/p>\n<p>L\u00e6ngde: 117 min.<\/p>\n","protected":false},"excerpt":{"rendered":"<p>Latinos Mange eksotiske drenge f\u00e5 det til at regne s\u00e6d. Alene og sammen med deres venner. Mange hotte udend\u00f8rs-scener under palmekviste og meget mere . . . L\u00e6ngde: 117 min.<\/p>\n","protected":false},"featured_media":1045,"comment_status":"open","ping_status":"closed","template":"","meta":{"advanced_seo_description":"","jetpack_seo_html_title":"","jetpack_seo_noindex":false},"product_brand":[],"product_cat":[150],"product_tag":[22,21,79,23,24,44,39,36,73,157],"class_list":{"0":"post-1046","1":"product","2":"type-product","3":"status-publish","4":"has-post-thumbnail","6":"product_cat-diverse-dvd","7":"product_tag-blow-job","8":"product_tag-bolle","9":"product_tag-gruppe","10":"product_tag-indendors","11":"product_tag-udenfor","12":"product_tag-solo","13":"product_tag-trekanten","14":"product_tag-to-mand","15":"product_tag-spille-pik","16":"product_tag-regn-med-saed","18":"first","19":"instock","20":"taxable","21":"shipping-taxable","22":"purchasable","23":"product-type-simple"},"jetpack_sharing_enabled":true,"_links":{"self":[{"href":"https:\/\/homoworld.dk\/da\/wp-json\/wp\/v2\/product\/1046","targetHints":{"allow":["GET"]}}],"collection":[{"href":"https:\/\/homoworld.dk\/da\/wp-json\/wp\/v2\/product"}],"about":[{"href":"https:\/\/homoworld.dk\/da\/wp-json\/wp\/v2\/types\/product"}],"replies":[{"embeddable":true,"href":"https:\/\/homoworld.dk\/da\/wp-json\/wp\/v2\/comments?post=1046"}],"wp:featuredmedia":[{"embeddable":true,"href":"https:\/\/homoworld.dk\/da\/wp-json\/wp\/v2\/media\/1045"}],"wp:attachment":[{"href":"https:\/\/homoworld.dk\/da\/wp-json\/wp\/v2\/media?parent=1046"}],"wp:term":[{"taxonomy":"product_brand","embeddable":true,"href":"https:\/\/homoworld.dk\/da\/wp-json\/wp\/v2\/product_brand?post=1046"},{"taxonomy":"product_cat","embeddable":true,"href":"https:\/\/homoworld.dk\/da\/wp-json\/wp\/v2\/product_cat?post=1046"},{"taxonomy":"product_tag","embeddable":true,"href":"https:\/\/homoworld.dk\/da\/wp-json\/wp\/v2\/product_tag?post=1046"}],"curies":[{"name":"wp","href":"https:\/\/api.w.org\/{rel}","templated":true}]}}