{"id":979,"date":"2021-07-20T17:51:23","date_gmt":"2021-07-20T15:51:23","guid":{"rendered":"http:\/\/homoworld.dk\/?page_id=979"},"modified":"2021-07-20T19:49:57","modified_gmt":"2021-07-20T17:49:57","slug":"bekraeftelse","status":"publish","type":"page","link":"https:\/\/homoworld.dk\/da\/bekraeftelse\/","title":{"rendered":"Bekr\u00e6ftelse"},"content":{"rendered":"<p>Du er n\u00e6sten klar. Vi har sent dig en email med en bekr\u00e6ftelseslink. Tjek din postindgang og\/eller din spamfolder for denne mail og klikke p\u00e5 linket.<br>\nV\u00e6r opm\u00e6rksom p\u00e5, at det kan tage flere minutter indtil du modtager mailen.<\/p>\n<p><!-- \/wp:post-content --><!-- wp:paragraph --><\/p>\n\n<!-- wp:spacer {\"height\":222} -->\n<div style=\"height:222px\" aria-hidden=\"true\" class=\"wp-block-spacer\"><\/div>\n<!-- \/wp:spacer -->","protected":false},"excerpt":{"rendered":"<p>Du er n\u00e6sten klar. Vi har sent dig en email med en bekr\u00e6ftelseslink. Tjek din postindgang og\/eller din spamfolder for denne mail og klikke p\u00e5 linket. V\u00e6r opm\u00e6rksom p\u00e5, at det kan tage flere minutter indtil du modtager mailen.<\/p>\n","protected":false},"author":1,"featured_media":0,"parent":0,"menu_order":0,"comment_status":"closed","ping_status":"closed","template":"","meta":{"advanced_seo_description":"","jetpack_seo_html_title":"","jetpack_seo_noindex":false,"footnotes":""},"class_list":["post-979","page","type-page","status-publish","hentry"],"jetpack_sharing_enabled":true,"_links":{"self":[{"href":"https:\/\/homoworld.dk\/da\/wp-json\/wp\/v2\/pages\/979","targetHints":{"allow":["GET"]}}],"collection":[{"href":"https:\/\/homoworld.dk\/da\/wp-json\/wp\/v2\/pages"}],"about":[{"href":"https:\/\/homoworld.dk\/da\/wp-json\/wp\/v2\/types\/page"}],"author":[{"embeddable":true,"href":"https:\/\/homoworld.dk\/da\/wp-json\/wp\/v2\/users\/1"}],"replies":[{"embeddable":true,"href":"https:\/\/homoworld.dk\/da\/wp-json\/wp\/v2\/comments?post=979"}],"version-history":[{"count":2,"href":"https:\/\/homoworld.dk\/da\/wp-json\/wp\/v2\/pages\/979\/revisions"}],"predecessor-version":[{"id":984,"href":"https:\/\/homoworld.dk\/da\/wp-json\/wp\/v2\/pages\/979\/revisions\/984"}],"wp:attachment":[{"href":"https:\/\/homoworld.dk\/da\/wp-json\/wp\/v2\/media?parent=979"}],"curies":[{"name":"wp","href":"https:\/\/api.w.org\/{rel}","templated":true}]}}