{"id":961,"date":"2021-07-19T19:11:49","date_gmt":"2021-07-19T17:11:49","guid":{"rendered":"http:\/\/homoworld.dk\/?page_id=961"},"modified":"2021-07-21T11:05:24","modified_gmt":"2021-07-21T09:05:24","slug":"manage-your-subscription","status":"publish","type":"page","link":"https:\/\/homoworld.dk\/da\/manage-your-subscription\/","title":{"rendered":"Administrere din abonnement"},"content":{"rendered":"\r\n<p>Her kan du administrere din abonnement og se\/\u00e6ndre din profil.<\/p>\r\n\r\nAbonnement h\u00e5ndteringsformular er kun tilg\u00e6ngelig for mail-liste abonnenter.\n","protected":false},"excerpt":{"rendered":"<p>Her kan du administrere din abonnement og se\/\u00e6ndre din profil. Abonnement h\u00e5ndteringsformular er kun tilg\u00e6ngelig for mail-liste abonnenter.<\/p>\n","protected":false},"author":1,"featured_media":0,"parent":0,"menu_order":0,"comment_status":"closed","ping_status":"closed","template":"","meta":{"advanced_seo_description":"","jetpack_seo_html_title":"","jetpack_seo_noindex":false,"footnotes":""},"class_list":["post-961","page","type-page","status-publish","hentry"],"jetpack_sharing_enabled":true,"_links":{"self":[{"href":"https:\/\/homoworld.dk\/da\/wp-json\/wp\/v2\/pages\/961","targetHints":{"allow":["GET"]}}],"collection":[{"href":"https:\/\/homoworld.dk\/da\/wp-json\/wp\/v2\/pages"}],"about":[{"href":"https:\/\/homoworld.dk\/da\/wp-json\/wp\/v2\/types\/page"}],"author":[{"embeddable":true,"href":"https:\/\/homoworld.dk\/da\/wp-json\/wp\/v2\/users\/1"}],"replies":[{"embeddable":true,"href":"https:\/\/homoworld.dk\/da\/wp-json\/wp\/v2\/comments?post=961"}],"version-history":[{"count":1,"href":"https:\/\/homoworld.dk\/da\/wp-json\/wp\/v2\/pages\/961\/revisions"}],"predecessor-version":[{"id":962,"href":"https:\/\/homoworld.dk\/da\/wp-json\/wp\/v2\/pages\/961\/revisions\/962"}],"wp:attachment":[{"href":"https:\/\/homoworld.dk\/da\/wp-json\/wp\/v2\/media?parent=961"}],"curies":[{"name":"wp","href":"https:\/\/api.w.org\/{rel}","templated":true}]}}