{"id":693,"date":"2021-03-04T12:49:26","date_gmt":"2021-03-04T11:49:26","guid":{"rendered":"http:\/\/homoworld.dk\/en\/?page_id=693"},"modified":"2021-07-20T17:01:30","modified_gmt":"2021-07-20T15:01:30","slug":"newsletter-subscribtion","status":"publish","type":"page","link":"https:\/\/homoworld.dk\/da\/nyhedsbrev-tilmelding\/","title":{"rendered":"Nyhedsbrev"},"content":{"rendered":"<p>G\u00e5r ikke glip af meddelelser, der fort\u00e6ller om nye produkter eller om s\u00e6rlige tilbud. Ved at blive tilmeldt vores nyhedsbrev \u00e5bner du ikke sluser for spam. Vi sender dem kun f\u00e5 gange om \u00e5ret, og n\u00e5r det er relevant. Ingenting der generer.<\/p>\n<p><code>  \n  \n  <div class=\"\n    mailpoet_form_popup_overlay\n      \"><\/div>\n  <div\n    id=\"mailpoet_form_8\"\n    class=\"\n      mailpoet_form\n      mailpoet_form_shortcode\n      mailpoet_form_position_\n      mailpoet_form_animation_\n    \"\n      >\n\n    <style type=\"text\/css\">\n     #mailpoet_form_8 .mailpoet_form {  }\n#mailpoet_form_8 form { margin-bottom: 0; }\n#mailpoet_form_8 h1.mailpoet-heading { margin: 0 0 20px; }\n#mailpoet_form_8 p.mailpoet_form_paragraph.last { margin-bottom: 5px; }\n#mailpoet_form_8 .mailpoet_column_with_background { padding: 15px; }\n#mailpoet_form_8 .mailpoet_form_column:not(:first-child) { margin-left: 15px; }\n#mailpoet_form_8 .mailpoet_paragraph { line-height: 20px; margin-bottom: 20px; }\n#mailpoet_form_8 .mailpoet_segment_label, #mailpoet_form_8 .mailpoet_text_label, #mailpoet_form_8 .mailpoet_textarea_label, #mailpoet_form_8 .mailpoet_select_label, #mailpoet_form_8 .mailpoet_radio_label, #mailpoet_form_8 .mailpoet_checkbox_label, #mailpoet_form_8 .mailpoet_list_label, #mailpoet_form_8 .mailpoet_date_label { display: block; font-weight: normal; }\n#mailpoet_form_8 .mailpoet_text, #mailpoet_form_8 .mailpoet_textarea, #mailpoet_form_8 .mailpoet_select, #mailpoet_form_8 .mailpoet_date_month, #mailpoet_form_8 .mailpoet_date_day, #mailpoet_form_8 .mailpoet_date_year, #mailpoet_form_8 .mailpoet_date { display: block; }\n#mailpoet_form_8 .mailpoet_text, #mailpoet_form_8 .mailpoet_textarea { width: 200px; }\n#mailpoet_form_8 .mailpoet_checkbox {  }\n#mailpoet_form_8 .mailpoet_submit {  }\n#mailpoet_form_8 .mailpoet_divider {  }\n#mailpoet_form_8 .mailpoet_message {  }\n#mailpoet_form_8 .mailpoet_form_loading { width: 30px; text-align: center; line-height: normal; }\n#mailpoet_form_8 .mailpoet_form_loading > span { width: 5px; height: 5px; }#mailpoet_form_8{border-radius: 16px;background: #660000;color: #313131;text-align: center;}#mailpoet_form_8 form.mailpoet_form {padding: 10px;}#mailpoet_form_8{width: 70%;}#mailpoet_form_8 .mailpoet_message {margin: 0; padding: 0 20px;}\n        #mailpoet_form_8 .mailpoet_validate_success {color: #00d084}\n        #mailpoet_form_8 input.parsley-success {color: #00d084}\n        #mailpoet_form_8 select.parsley-success {color: #00d084}\n        #mailpoet_form_8 textarea.parsley-success {color: #00d084}\n      \n        #mailpoet_form_8 .mailpoet_validate_error {color: #cf2e2e}\n        #mailpoet_form_8 input.parsley-error {color: #cf2e2e}\n        #mailpoet_form_8 select.parsley-error {color: #cf2e2e}\n        #mailpoet_form_8 textarea.textarea.parsley-error {color: #cf2e2e}\n        #mailpoet_form_8 .parsley-errors-list {color: #cf2e2e}\n        #mailpoet_form_8 .parsley-required {color: #cf2e2e}\n        #mailpoet_form_8 .parsley-custom-error-message {color: #cf2e2e}\n      #mailpoet_form_8 .mailpoet_paragraph.last {margin-bottom: 0} @media (max-width: 500px) {#mailpoet_form_8 {background: #660000;}} @media (min-width: 500px) {#mailpoet_form_8 .last .mailpoet_paragraph:last-child {margin-bottom: 0}}  @media (max-width: 500px) {#mailpoet_form_8 .mailpoet_form_column:last-child .mailpoet_paragraph:last-child {margin-bottom: 0}} \n    <\/style>\n\n    <form\n      target=\"_self\"\n      method=\"post\"\n      action=\"https:\/\/homoworld.dk\/wp-admin\/admin-post.php?action=mailpoet_subscription_form\"\n      class=\"mailpoet_form mailpoet_form_form mailpoet_form_shortcode\"\n      novalidate\n      data-delay=\"\"\n      data-exit-intent-enabled=\"\"\n      data-font-family=\"\"\n      data-cookie-expiration-time=\"\"\n    >\n      <input type=\"hidden\" name=\"data[form_id]\" value=\"8\" \/>\n      <input type=\"hidden\" name=\"token\" value=\"f8319ded22\" \/>\n      <input type=\"hidden\" name=\"api_version\" value=\"v1\" \/>\n      <input type=\"hidden\" name=\"endpoint\" value=\"subscribers\" \/>\n      <input type=\"hidden\" name=\"mailpoet_method\" value=\"subscribe\" \/>\n\n      <label class=\"mailpoet_hp_email_label\" style=\"display: none !important;\">Lad venligst dette felt st\u00e5 tomt. <input type=\"email\" name=\"data[email]\"\/><\/label><div class='mailpoet_spacer' style='height: 12px;'><\/div>\n<div class='mailpoet_form_columns_container'><div class=\"mailpoet_form_columns mailpoet_paragraph mailpoet_vertically_align_center mailpoet_stack_on_mobile\"><div class=\"mailpoet_form_column mailpoet_vertically_align_center\" style=\"flex-basis:50%;\"><div class=\"mailpoet_paragraph \"><style>input[name=\"data[form_field_MjZhYzI4NWYxODNkX2VtYWls]\"]::placeholder{color:#660000;opacity: 1;}<\/style><input type=\"email\" autocomplete=\"email\" class=\"mailpoet_text\" id=\"form_email_8\" name=\"data[form_field_MjZhYzI4NWYxODNkX2VtYWls]\" title=\"Emailadresse\" value=\"\" style=\"background-color:#ffffff;border-style:solid;border-radius:15px !important;border-width:1px;border-color:#660000;padding:7px;margin: 0 auto;font-family:&#039;Montserrat&#039;;font-size:15px;line-height:1.5;height:auto;color:#660000;\" data-automation-id=\"form_email\"  placeholder=\"Emailadresse *\" aria-label=\"Emailadresse *\" data-parsley-errors-container=\".mailpoet_error_kqxr4\" data-parsley-required=\"true\" required aria-required=\"true\" data-parsley-minlength=\"6\" data-parsley-maxlength=\"150\" data-parsley-type-message=\"Denne v\u00e6rdi burde v\u00e6re en valid e-mail.\" data-parsley-required-message=\"Dette felt er kr\u00e6vet\"\/><span class=\"mailpoet_error_kqxr4\"><\/span><\/div>\n<\/div>\n<div class=\"mailpoet_form_column mailpoet_vertically_align_center\" style=\"flex-basis:50%;\"><div class=\"mailpoet_paragraph \"><style>input[name=\"data[cf_1]\"]::placeholder{color:#660000;opacity: 1;}<\/style><input type=\"text\" autocomplete=\"on\" class=\"mailpoet_text\" id=\"form_1_8\" name=\"data[cf_1]\" title=\"Navn\" value=\"\" style=\"background-color:#ffffff;border-style:solid;border-radius:15px !important;border-width:1px;border-color:#660000;padding:7px;margin: 0 auto;font-family:&#039;Montserrat&#039;;font-size:15px;line-height:1.5;height:auto;color:#660000;\"   placeholder=\"Navn *\" aria-label=\"Navn *\" data-parsley-errors-container=\".mailpoet_error_1co6k\" data-parsley-required=\"true\" required aria-required=\"true\" data-parsley-required-message=\"Dette felt er kr\u00e6vet\"\/><span class=\"mailpoet_error_1co6k\"><\/span><\/div>\n<\/div>\n<\/div><\/div>\n<div class=\"mailpoet_paragraph \"><input type=\"submit\" class=\"mailpoet_submit\" value=\"S\u00e6t mig p\u00e5 listen\" data-automation-id=\"subscribe-submit-button\" data-font-family='Montserrat' style=\"background-color:#000000;border-style:solid;border-radius:8px !important;border-width:0px;padding:8px;margin: 0 auto;font-family:&#039;Montserrat&#039;;font-size:20px;line-height:1.5;height:auto;color:#ffd456;border-color:transparent;font-weight:bold;\" \/><span class=\"mailpoet_form_loading\"><span class=\"mailpoet_bounce1\"><\/span><span class=\"mailpoet_bounce2\"><\/span><span class=\"mailpoet_bounce3\"><\/span><\/span><\/div>\n<p class=\"mailpoet_form_paragraph  mailpoet-has-font-size\" style=\"text-align: center; color: #ffffff; font-size: 13px; line-height: 3.1\"><em><span style=\"font-family: Montserrat\" data-font=\"Montserrat\" class=\"mailpoet-has-font\"><strong>Vi forsender ingen spam! <\/strong><\/span><\/em><br><em><span style=\"font-family: Montserrat\" data-font=\"Montserrat\" class=\"mailpoet-has-font\"><strong>L\u00e6s vores <a href=\"http:\/\/homoworld.dk\/da\/privatlivspolitik\/\">privatlivspolitik<\/a> for mere information.<\/strong><\/span><\/em><\/p>\n\n      <div class=\"mailpoet_message\">\n        <p class=\"mailpoet_validate_success\"\n                style=\"display:none;\"\n                >{lang en_US}Check your inbox or spam folder to confirm your subscription.{\/lang}{lang de_DE}Schau in Deinem Postfach oder im Spamordner nach unserer Mail und best\u00e4tige Deine Anmeldung{\/lang}{lang da_DK}Check din mail indgang eller din spamfolder og bekr\u00e6ft venligst din tilmelding{\/lang}\n        <\/p>\n        <p class=\"mailpoet_validate_error\"\n                style=\"display:none;\"\n                >        <\/p>\n      <\/div>\n    <\/form>\n\n      <\/div>\n\n  <\/code><\/p>\n","protected":false},"excerpt":{"rendered":"<p>G\u00e5r ikke glip af meddelelser, der fort\u00e6ller om nye produkter eller om s\u00e6rlige tilbud. Ved at blive tilmeldt vores nyhedsbrev \u00e5bner du ikke sluser for spam. Vi sender dem kun f\u00e5 gange om \u00e5ret, og n\u00e5r det er relevant. Ingenting der generer. Lad venligst dette felt st\u00e5 tomt. Vi forsender ingen spam! L\u00e6s vores privatlivspolitik [&hellip;]<\/p>\n","protected":false},"author":1,"featured_media":0,"parent":0,"menu_order":0,"comment_status":"closed","ping_status":"closed","template":"","meta":{"advanced_seo_description":"","jetpack_seo_html_title":"","jetpack_seo_noindex":false,"footnotes":""},"class_list":["post-693","page","type-page","status-publish","hentry"],"jetpack_sharing_enabled":true,"_links":{"self":[{"href":"https:\/\/homoworld.dk\/da\/wp-json\/wp\/v2\/pages\/693","targetHints":{"allow":["GET"]}}],"collection":[{"href":"https:\/\/homoworld.dk\/da\/wp-json\/wp\/v2\/pages"}],"about":[{"href":"https:\/\/homoworld.dk\/da\/wp-json\/wp\/v2\/types\/page"}],"author":[{"embeddable":true,"href":"https:\/\/homoworld.dk\/da\/wp-json\/wp\/v2\/users\/1"}],"replies":[{"embeddable":true,"href":"https:\/\/homoworld.dk\/da\/wp-json\/wp\/v2\/comments?post=693"}],"version-history":[{"count":6,"href":"https:\/\/homoworld.dk\/da\/wp-json\/wp\/v2\/pages\/693\/revisions"}],"predecessor-version":[{"id":957,"href":"https:\/\/homoworld.dk\/da\/wp-json\/wp\/v2\/pages\/693\/revisions\/957"}],"wp:attachment":[{"href":"https:\/\/homoworld.dk\/da\/wp-json\/wp\/v2\/media?parent=693"}],"curies":[{"name":"wp","href":"https:\/\/api.w.org\/{rel}","templated":true}]}}