{"id":686,"date":"2021-03-02T11:40:02","date_gmt":"2021-03-02T10:40:02","guid":{"rendered":"http:\/\/homoworld.dk\/en\/?page_id=686"},"modified":"2021-03-02T11:41:41","modified_gmt":"2021-03-02T10:41:41","slug":"contact","status":"publish","type":"page","link":"https:\/\/homoworld.dk\/da\/kontakt\/","title":{"rendered":"Kontakt"},"content":{"rendered":"<p>I\u00a0 tilf\u00e6ldet af sp\u00f8rgsm\u00e5l er du velkommen til at sende os en mail.<\/p>\n<p>Send den til webmaster(at)homoworld.dk . . . skal jeg n\u00e6vne at paranteser skiftes med fordel til at-tegn?<\/p>\n","protected":false},"excerpt":{"rendered":"<p>I\u00a0 tilf\u00e6ldet af sp\u00f8rgsm\u00e5l er du velkommen til at sende os en mail. Send den til webmaster(at)homoworld.dk . . . skal jeg n\u00e6vne at paranteser skiftes med fordel til at-tegn?<\/p>\n","protected":false},"author":1,"featured_media":0,"parent":0,"menu_order":0,"comment_status":"closed","ping_status":"closed","template":"","meta":{"advanced_seo_description":"","jetpack_seo_html_title":"","jetpack_seo_noindex":false,"footnotes":""},"class_list":["post-686","page","type-page","status-publish","hentry"],"jetpack_sharing_enabled":true,"_links":{"self":[{"href":"https:\/\/homoworld.dk\/da\/wp-json\/wp\/v2\/pages\/686","targetHints":{"allow":["GET"]}}],"collection":[{"href":"https:\/\/homoworld.dk\/da\/wp-json\/wp\/v2\/pages"}],"about":[{"href":"https:\/\/homoworld.dk\/da\/wp-json\/wp\/v2\/types\/page"}],"author":[{"embeddable":true,"href":"https:\/\/homoworld.dk\/da\/wp-json\/wp\/v2\/users\/1"}],"replies":[{"embeddable":true,"href":"https:\/\/homoworld.dk\/da\/wp-json\/wp\/v2\/comments?post=686"}],"version-history":[{"count":1,"href":"https:\/\/homoworld.dk\/da\/wp-json\/wp\/v2\/pages\/686\/revisions"}],"predecessor-version":[{"id":687,"href":"https:\/\/homoworld.dk\/da\/wp-json\/wp\/v2\/pages\/686\/revisions\/687"}],"wp:attachment":[{"href":"https:\/\/homoworld.dk\/da\/wp-json\/wp\/v2\/media?parent=686"}],"curies":[{"name":"wp","href":"https:\/\/api.w.org\/{rel}","templated":true}]}}