{"id":658,"date":"2021-02-21T20:04:47","date_gmt":"2021-02-21T19:04:47","guid":{"rendered":"http:\/\/homoworld.dk\/en\/?page_id=658"},"modified":"2021-07-20T18:39:40","modified_gmt":"2021-07-20T16:39:40","slug":"confirmation","status":"publish","type":"page","link":"https:\/\/homoworld.dk\/da\/velkommen\/","title":{"rendered":"Velkommen"},"content":{"rendered":"<p>Du er blevet tilf\u00f8jet vores nyhedsbrevliste. Fra nu vil du kunne modtage meddelelser vedr. rabataktioner, nyheder, m.m.<\/p>\n<p>Bem\u00e6rk, nyhedsbrever kommer ikke j\u00e6vnlig, bare hvis det er n\u00f8dvendig.<\/p>\n","protected":false},"excerpt":{"rendered":"<p>Du er blevet tilf\u00f8jet vores nyhedsbrevliste. Fra nu vil du kunne modtage meddelelser vedr. rabataktioner, nyheder, m.m. Bem\u00e6rk, nyhedsbrever kommer ikke j\u00e6vnlig, bare hvis det er n\u00f8dvendig.<\/p>\n","protected":false},"author":1,"featured_media":0,"parent":0,"menu_order":0,"comment_status":"closed","ping_status":"closed","template":"","meta":{"advanced_seo_description":"","jetpack_seo_html_title":"","jetpack_seo_noindex":false,"footnotes":""},"class_list":["post-658","page","type-page","status-publish","hentry"],"jetpack_sharing_enabled":true,"_links":{"self":[{"href":"https:\/\/homoworld.dk\/da\/wp-json\/wp\/v2\/pages\/658","targetHints":{"allow":["GET"]}}],"collection":[{"href":"https:\/\/homoworld.dk\/da\/wp-json\/wp\/v2\/pages"}],"about":[{"href":"https:\/\/homoworld.dk\/da\/wp-json\/wp\/v2\/types\/page"}],"author":[{"embeddable":true,"href":"https:\/\/homoworld.dk\/da\/wp-json\/wp\/v2\/users\/1"}],"replies":[{"embeddable":true,"href":"https:\/\/homoworld.dk\/da\/wp-json\/wp\/v2\/comments?post=658"}],"version-history":[{"count":5,"href":"https:\/\/homoworld.dk\/da\/wp-json\/wp\/v2\/pages\/658\/revisions"}],"predecessor-version":[{"id":981,"href":"https:\/\/homoworld.dk\/da\/wp-json\/wp\/v2\/pages\/658\/revisions\/981"}],"wp:attachment":[{"href":"https:\/\/homoworld.dk\/da\/wp-json\/wp\/v2\/media?parent=658"}],"curies":[{"name":"wp","href":"https:\/\/api.w.org\/{rel}","templated":true}]}}