{"id":630,"date":"2021-02-18T22:14:59","date_gmt":"2021-02-18T21:14:59","guid":{"rendered":"http:\/\/71.19.249.231\/~homowor1\/?page_id=630"},"modified":"2024-12-16T01:12:23","modified_gmt":"2024-12-16T00:12:23","slug":"global-gay-online-shop","status":"publish","type":"page","link":"https:\/\/homoworld.dk\/da\/","title":{"rendered":"Global Gay Online Shop"},"content":{"rendered":"<h4><strong>&nbsp; Velkommen<\/strong>\r\n\r\n<\/h4>\r\n<p><br \/>Her finder du det st\u00f8rste udvalg af <strong>Bleisch<\/strong>-videoer verdenover (<strong>indenfor PornoWorld<\/strong>). Derudover er vi ekslusiv-forhandler af <strong>B-Engel<\/strong>-m\u00e6rket.<\/p>\r\n\r\n\r\n\r\n<p>De fleste af videoerne kan ogs\u00e5 <strong>f\u00e5es digital<\/strong>. Det betyder, at du vil f\u00e5 et downloadlink n\u00e5r dit indk\u00f8b er betalt. P\u00e5 denne m\u00e5de kan du selv br\u00e6nde din DVD og spare ekstra penge siden de digitale versioner er de billigste du kan f\u00e5.<\/p>\r\n<!-- \/wp:post-content --><!-- \/wp:columns --><!-- \/wp:group -->\r\n\r\n<!-- wp:heading {\"level\":4} -->\r\n<h4 class=\"wp-block-heading\"><strong>HomoWorld<\/strong><\/h4>\r\n<!-- \/wp:heading -->\r\n\r\n<!-- wp:paragraph -->\r\n<p>byder p\u00e5 en del vintage film fra 1990erne, pornografiens gylden epoke. Vintage filme er vores niche. De er dejligt at se p\u00e5, meget sexende og i hvert fald noget man skal har set.<\/p>\r\n<!-- \/wp:paragraph -->\r\n<p><!-- \/wp:column --><\/p>\r\n<p><!-- \/wp:columns --><\/p>\r\n<p><!-- wp:paragraph --><\/p>\r\n<p><!-- \/wp:paragraph --><\/p>","protected":false},"excerpt":{"rendered":"<p>&nbsp; Velkommen Her finder du det st\u00f8rste udvalg af Bleisch-videoer verdenover (indenfor PornoWorld). Derudover er vi ekslusiv-forhandler af B-Engel-m\u00e6rket. De fleste af videoerne kan ogs\u00e5 f\u00e5es digital. Det betyder, at du vil f\u00e5 et downloadlink n\u00e5r dit indk\u00f8b er betalt. P\u00e5 denne m\u00e5de kan du selv br\u00e6nde din DVD og spare ekstra penge siden de [&hellip;]<\/p>\n","protected":false},"author":1,"featured_media":0,"parent":0,"menu_order":0,"comment_status":"closed","ping_status":"closed","template":"","meta":{"advanced_seo_description":"","jetpack_seo_html_title":"","jetpack_seo_noindex":false,"footnotes":""},"class_list":["post-630","page","type-page","status-publish","hentry"],"jetpack_sharing_enabled":true,"_links":{"self":[{"href":"https:\/\/homoworld.dk\/da\/wp-json\/wp\/v2\/pages\/630","targetHints":{"allow":["GET"]}}],"collection":[{"href":"https:\/\/homoworld.dk\/da\/wp-json\/wp\/v2\/pages"}],"about":[{"href":"https:\/\/homoworld.dk\/da\/wp-json\/wp\/v2\/types\/page"}],"author":[{"embeddable":true,"href":"https:\/\/homoworld.dk\/da\/wp-json\/wp\/v2\/users\/1"}],"replies":[{"embeddable":true,"href":"https:\/\/homoworld.dk\/da\/wp-json\/wp\/v2\/comments?post=630"}],"version-history":[{"count":64,"href":"https:\/\/homoworld.dk\/da\/wp-json\/wp\/v2\/pages\/630\/revisions"}],"predecessor-version":[{"id":1885,"href":"https:\/\/homoworld.dk\/da\/wp-json\/wp\/v2\/pages\/630\/revisions\/1885"}],"wp:attachment":[{"href":"https:\/\/homoworld.dk\/da\/wp-json\/wp\/v2\/media?parent=630"}],"curies":[{"name":"wp","href":"https:\/\/api.w.org\/{rel}","templated":true}]}}