{"id":3,"date":"2021-01-28T16:38:11","date_gmt":"2021-01-28T16:38:11","guid":{"rendered":"http:\/\/71.19.249.231\/~homowor1\/?page_id=3"},"modified":"2024-10-17T16:36:43","modified_gmt":"2024-10-17T15:36:43","slug":"privacy-policy","status":"publish","type":"page","link":"https:\/\/homoworld.dk\/da\/privatlivspolitik\/","title":{"rendered":"Privatlivspolitik"},"content":{"rendered":"<div class=\"entry-content\">\n<p style=\"text-align: justify;\">Vi tager din databeskyttelse alvorligt. Vi behandler persondata og har derfor vedtaget denne privatlivspolitik, der fort\u00e6ller dig, hvordan vi behandler dine data.<br \/>HomoWorld.dk er dataansvarlig for de oplysninger, vi indsamler om dig, og vi sikrer, at dine personoplysninger behandles i overensstemmelse med lovgivningen.<br \/>Hvis du \u00f8nsker at kontakte os ang\u00e5ende vores behandling af personoplysninger, kan du kontakte Kundeservice p\u00e5 mail: webmaster(at)homoworld.dk<\/p>\n<h4 style=\"text-align: left;\">Cookies<\/h4>\n<p style=\"text-align: justify;\">N\u00e5r du bes\u00f8ger vores websites, indsamles der oplysninger om dig, som bruges til at tilpasse og forbedre vores indhold og til at \u00f8ge v\u00e6rdien af de annoncer, der vises p\u00e5 siden. Hvis du ikke \u00f8nsker dette, b\u00f8r du slette dine cookies og undlade videre brug af websitet. Nedenfor har vi uddybet, hvilke informationer der indsamles samt deres form\u00e5l.<br \/>Cookies gemmes p\u00e5 din computer, mobil el. tilsvarende med det form\u00e5l at genkende dem, huske indstillinger, f\u00f8re statistik og m\u00e5lrette annoncer. Cookies kan ikke indeholde skadelig kode som f.eks. virus.<br \/>Det er muligt at slette cookies i din browser.<br \/>Hvis du sletter cookies, vil du risikere, at websitet ikke fungerer optimalt.<br \/>Websitet indeholder cookies fra tredjeparter.<\/p>\n<h4 style=\"text-align: left;\">Behandling af persondata<\/h4>\n<p style=\"text-align: justify;\">Personoplysninger er alle slags informationer, der i et eller andet omfang kan henf\u00f8res til dig. N\u00e5r du benytter vores websites indsamler og behandler vi en r\u00e6kke s\u00e5danne informationer. Det sker f.eks. ved alm. tilgang af indhold, hvis du tilmelder dig vores nyhedsbrev, deltager i konkurrencer eller unders\u00f8gelser, registrerer dig som bruger eller abonnent, bruger vores services eller foretager k\u00f8b.<br \/>Vi indsamler og behandler typisk f\u00f8lgende typer af oplysninger: Tekniske oplysninger om din computer, tablet eller mobiltelefon, dit IP-adresse, geografisk placering. Dette g\u00f8res ved brug af Cookies.<br \/>I det omfang du selv giver eksplicit samtykke hertil og selv indtaster informationerne behandles desuden: navn, telefonnummer, e-mail, adresse, betalingsoplysninger og ordrehistorik. Det vil typisk v\u00e6re i forbindelse med oprettelse af login.<\/p>\n<h4 style=\"text-align: left;\">Sikkerhed<\/h4>\n<p style=\"text-align: justify;\">Vi har truffet passende tekniske og organisatoriske foranstaltninger mod, at dine oplysninger h\u00e6ndeligt eller ulovligt bliver slettet, offentliggjort, fortabt, forringet eller kommer til uvedkommendes kendskab, misbruges eller i \u00f8vrigt behandles i strid med lovgivningen.<\/p>\n<h4 style=\"text-align: left;\">Form\u00e5l<\/h4>\n<p style=\"text-align: justify;\">Oplysningerne bruges til at identificere dig som bruger og til at registrere dine k\u00f8b og betalinger, samt at kunne levere de services og ydelser, du har efterspurgt, som f.eks. at fremsende et nyhedsbrev. Herudover anvender vi oplysningerne til at optimere vores services og indhold.<\/p>\n<h4 style=\"text-align: left;\">Dataminimering<\/h4>\n<p style=\"text-align: justify;\">Vi indsamler, behandler og opbevarer kun de persondata, der er n\u00f8dvendige i forhold til at opfylde vores fastsatte form\u00e5l. Derudover kan det v\u00e6re bestemt ved lovgivning, hvilken type data, der er n\u00f8dvendig at indsamle og opbevare for vores forretningsdrift. Typen og omfanget af de persondata, vi behandler, kan ogs\u00e5 v\u00e6re n\u00f8dvendige for at opfylde en kontrakt eller en anden retlig forpligtelse.<\/p>\n<h4 style=\"text-align: left;\">Data holdes ajour<\/h4>\n<p style=\"text-align: justify;\">Vores service er afh\u00e6ngig af, at dine data er korrekte og opdaterede. Du kan bruge dit login for at \u00e6ndre dine oplysninger. Hvis vi selv bliver opm\u00e6rksomme p\u00e5 at data ikke er korrekt, opdaterer vi oplysningerne og giver dig meddelelse om dette.<\/p>\n<h4 style=\"text-align: left;\">Periode for opbevaring<\/h4>\n<p style=\"text-align: justify;\">Oplysningerne opbevares i det tidsrum, der er tilladt i henhold til lovgivningen, og vi sletter dem, n\u00e5r de ikke l\u00e6ngere er n\u00f8dvendige for at opfylde form\u00e5let. Dette kan eksempelvis v\u00e6re ved afmelding af nyhedsbrev. N\u00e5r du k\u00f8ber varer hos HomoWorld har vi brug for dine personoplysninger som dokumentation, indtil tjenesten er betalt og leveret, en eventuel fortrydelsesfrist er udl\u00f8bet, og fristen for betalinger er udl\u00f8bet. Persondata opbevares h\u00f8jst 12 m\u00e5neder efter form\u00e5let er opfyldt, hvorefter de slettes.<\/p>\n<h4 style=\"text-align: left;\">Samtykke<\/h4>\n<p style=\"text-align: justify;\">Dit eventuelle samtykke til modtagelse af nyhedsbrev, samt modtagelse af relevant markedsf\u00f8ring er frivilligt, og du kan til enhver tid tr\u00e6kke det tilbage ved at henvende dig til os. Kontakt kundeservice, hvis du \u00f8nsker yderligere oplysninger.<\/p>\n<h4 style=\"text-align: left;\">Videregivelse af oplysninger<\/h4>\n<p style=\"text-align: justify;\">Data om din brug af websitet,\u00a0 geografisk placering, k\u00f8n og alderssegment m.v. videregives til tredjeparter i det omfang, disse oplysninger er kendt. Oplysningerne kan anvendes til m\u00e5lretning af annoncering.<\/p>\n<p style=\"text-align: justify;\">Vi benytter herudover en r\u00e6kke tredjeparter til opbevaring og behandling af data. Disse behandler udelukkende oplysninger p\u00e5 vores vegne, og med instruks fra os. Tredjeparter m\u00e5 ikke anvende personoplysninger til egne form\u00e5l.<\/p>\n<p style=\"text-align: justify;\">Videregivelse af personoplysninger som navn, e-mail m.v. vil kun ske, hvis du giver samtykke til det.<\/p>\n<p style=\"text-align: justify;\">Vi anvender kun data behandlere i EU eller i lande, der kan give dine oplysninger en tilstr\u00e6kkelig beskyttelse.<\/p>\n<h4 style=\"text-align: left;\">Dine rettigheder<\/h4>\n<p style=\"text-align: justify;\">Du har til en enhver tid ret til at f\u00e5 oplyst, hvilke data vi behandler om dig, hvor de stammer fra, og hvad vi anvender dem til. Du kan ogs\u00e5 f\u00e5 oplyst, hvor l\u00e6nge vi opbevarer dine persondata, og hvem, der modtager data om dig, i det omfang vi videregiver data i Danmark og i udlandet. Adgangen kan dog v\u00e6re begr\u00e6nset af hensyn til andre personers privatlivsbeskyttelse, til forretningshemmeligheder og immaterielle rettigheder.<br \/>Du kan g\u00f8re brug af dine rettigheder ved at kontakte Kundeservice.<br \/>Hvis du mener, at de persondata, vi behandler om dig, er un\u00f8jagtige, har du ret til at f\u00e5 dem rettet. Du skal kontakte Kundeservice og oplyse os om, hvori un\u00f8jagtighederne best\u00e5r, og hvordan de kan rettes. <br \/>I nogle tilf\u00e6lde vil vi have en forpligtelse til at slette dine persondata. Det g\u00e6lder f.eks., hvis du tr\u00e6kker et eventuelt afgivet samtykke tilbage. Hvis du mener, at dine data ikke l\u00e6ngere er n\u00f8dvendige ift. det form\u00e5l, som vi indhentede dem til, kan du bede om at f\u00e5 dem slettet. Du kan ogs\u00e5 kontakte os, hvis du mener, at dine persondata bliver behandlet i strid med lovgivningen eller andre retlige forpligtelser.<br \/>N\u00e5r du henvender dig med en anmodning om at f\u00e5 rettet eller slettet dine persondata, unders\u00f8ger vi, om betingelserne er opfyldt, og gennemf\u00f8rer i s\u00e5 fald \u00e6ndringer eller sletning s\u00e5 hurtigt som muligt. Du har ret til at g\u00f8re indsigelse mod vores behandling af dine persondata.\u00a0 Hvis din indsigelse er berettiget, s\u00f8rger vi for at oph\u00f8re med behandlingen af dine persondata.<br \/>Du har mulighed for at benytte dig af data portabilitet, hvis du \u00f8nsker dine oplysninger flyttet til en anden dataansvarlig eller databehandler. Vi sletter af egen drift dine persondata, n\u00e5r de ikke l\u00e6ngere er n\u00f8dvendige for det form\u00e5l, som de er indsamlet til.<br \/>S\u00e5fremt du mener, at vores behandling ikke lever op til lovgivningen, er her mulighed for at indgive en klage til <a href=\"http:\/\/www.datatilsynet.dk\/\" target=\"_blank\" rel=\"nofollow noopener\">Datatilsynet<\/a><\/p>\n<\/div>\n","protected":false},"excerpt":{"rendered":"<p>Vi tager din databeskyttelse alvorligt. Vi behandler persondata og har derfor vedtaget denne privatlivspolitik, der fort\u00e6ller dig, hvordan vi behandler dine data.HomoWorld.dk er dataansvarlig for de oplysninger, vi indsamler om dig, og vi sikrer, at dine personoplysninger behandles i overensstemmelse med lovgivningen.Hvis du \u00f8nsker at kontakte os ang\u00e5ende vores behandling af personoplysninger, kan du kontakte [&hellip;]<\/p>\n","protected":false},"author":1,"featured_media":0,"parent":0,"menu_order":0,"comment_status":"closed","ping_status":"closed","template":"","meta":{"advanced_seo_description":"","jetpack_seo_html_title":"","jetpack_seo_noindex":false,"footnotes":""},"class_list":["post-3","page","type-page","status-publish","hentry"],"jetpack_sharing_enabled":true,"_links":{"self":[{"href":"https:\/\/homoworld.dk\/da\/wp-json\/wp\/v2\/pages\/3","targetHints":{"allow":["GET"]}}],"collection":[{"href":"https:\/\/homoworld.dk\/da\/wp-json\/wp\/v2\/pages"}],"about":[{"href":"https:\/\/homoworld.dk\/da\/wp-json\/wp\/v2\/types\/page"}],"author":[{"embeddable":true,"href":"https:\/\/homoworld.dk\/da\/wp-json\/wp\/v2\/users\/1"}],"replies":[{"embeddable":true,"href":"https:\/\/homoworld.dk\/da\/wp-json\/wp\/v2\/comments?post=3"}],"version-history":[{"count":4,"href":"https:\/\/homoworld.dk\/da\/wp-json\/wp\/v2\/pages\/3\/revisions"}],"predecessor-version":[{"id":1842,"href":"https:\/\/homoworld.dk\/da\/wp-json\/wp\/v2\/pages\/3\/revisions\/1842"}],"wp:attachment":[{"href":"https:\/\/homoworld.dk\/da\/wp-json\/wp\/v2\/media?parent=3"}],"curies":[{"name":"wp","href":"https:\/\/api.w.org\/{rel}","templated":true}]}}