{"id":260,"date":"2021-02-01T12:44:29","date_gmt":"2021-02-01T12:44:29","guid":{"rendered":"http:\/\/71.19.249.231\/~homowor1\/?page_id=260"},"modified":"2021-04-04T19:44:23","modified_gmt":"2021-04-04T17:44:23","slug":"terms-of-delivery","status":"publish","type":"page","link":"https:\/\/homoworld.dk\/da\/handelsbetingelser\/","title":{"rendered":"Handelsbetingelser"},"content":{"rendered":"\r\n<ol class=\"wp-block-list\">\r\n<li><strong><strong>Varer<\/strong><\/strong>\r\n<p>De Varer du kan f\u00e5 her i vores online shop er pornografisk. Derfor er alle personer, der er under 18 \u00e5r eksklurderet fra handlen.<\/p>\r\n<p>Alle videoer er i Europ\u00e6isk DVD format (Pal) og kan blive afspillet p\u00e5 de fleste DVDafspiller eller p\u00e5 computeren. Medmindre du har en s\u00e5kaldt multiregional DVDafspiller, er det kun muligt, at afspille DVD&#8217;er der har samme regionkode som din afspiller.<\/p>\r\n<p>Vi tester hver DVD f\u00f8r afsending.<\/p>\r\n<\/li>\r\n<\/ol>\r\n\r\n\r\n\r\n\r\n\r\n<ol class=\"wp-block-list\" start=\"2\">\r\n<li><strong>Priser<\/strong><\/li>\r\n<\/ol>\r\n\r\n\r\n\r\n<p>All priser er i Euro (\u20ac) og oplistet i nettobel\u00f8b. Afh\u00e6ngig af leveringsstedet bliver der lagt leveringsomkostninger og moms p\u00e5. Momsen udg\u00f8r p.t. 25% af varens v\u00e6rdig og leveringsomkostninger.<\/p>\r\n<p>Vi forbeholder os retten til at \u00e6ndre priser til et hvilket som helst tidspunkt.<br \/>.<\/p>\r\n\r\n\r\n\r\n<ol class=\"wp-block-list\" start=\"3\">\r\n<li><strong>Betalingsm\u00e5de<\/strong><\/li>\r\n<\/ol>\r\n\r\n\r\n\r\n<p>Vi accepterer kreditkort. Hvis du betaler med kreditkort vil der ikke v\u00e6re nogen henvisning p\u00e5 dit kontoudtog, at du har handlet ved HomoWorld, fordi betaling foreg\u00e5r igennem vores hovedfirma, se forneden.<\/p>\r\n\r\n\r\n\r\n<p>Der er ogs\u00e5 mulighed for at overf\u00f8re bel\u00f8bet p\u00e5 vores bankkonto.<\/p>\r\n\r\n\r\n\r\n\r\n\r\n<ol class=\"wp-block-list\" start=\"4\">\r\n<li><strong>Levering<\/strong><\/li>\r\n<\/ol>\r\n\r\n\r\n\r\n<p>Afh\u00e6ngig af den valgte betalingsform sender vi ordre vi har f\u00e5et inden kl. 14:30 samme dag.<\/p>\r\n\r\n\r\n\r\n<p>Hvis du har valgt bankoverf\u00f8relse, vil vi f\u00f8rst sende varen\u00a0 ud, n\u00e5r bel\u00f8bet er blevet godtskrevet vores bankkonto.<\/p>\r\n\r\n\r\n\r\n<p>Vi opr\u00e6ver \u20ac 10,00 forsendelsesgebyr der inkluderer porto, emballage og andre udgifter vi har i forbindelse med forsendelsen.<\/p>\r\n\r\n\r\n\r\n<p>Vi forst\u00e5r meget godt vigtigheden af diskretion! Alle forsendelser sendes ud i neutral emballage. Der er ikke noget der henviser p\u00e5 indholdet. Afsenderadressen er den samme som moderselskab, se forneden.<\/p>\r\n\r\n\r\n\r\n<p>Vi er ikke ansvarlig for nogen form af importskat dit land opkr\u00e6ver muligvis. Det er vi heller ikke, n\u00e5r toldmyndigheder konfiskerer indholdet fordi det muligvis er ikke tilladt i p\u00e5g\u00e6ldende land.<\/p>\r\n\r\n\r\n\r\n<p>4.1 <strong>Digital levering<\/strong><\/p>\r\n\r\n\r\n\r\n<p>Der findes digitale versioner til de fleste shopkategorier som er anlagt i hovedkategorien. Her tilbyder vi film til download. Disse videoer er i VOB-format for at kunne br\u00e6ndes med fordel p\u00e5 en DVD. Efter afsluttet indk\u00f8bsprocessen &#8211; ved bankoverf\u00f8relsen n\u00e5r bel\u00f8bet er overf\u00f8rt &#8211; vil du f\u00e5r et eller flere links til download af filerne senest efter 24 timer.<\/p>\r\n\r\n\r\n\r\n<ol class=\"wp-block-list\" start=\"5\">\r\n<li><strong>Bestilling<\/strong><\/li>\r\n<\/ol>\r\n\r\n\r\n\r\n<p>Det er nemt at bestille varer i shoppen.\u00a0 Du kan med fordel bruge kategoriknapper for oven for at finde frem til det \u00f8nskede. Fandt du det du gerne vil have, klikker du bare p\u00e5 &#8220;Tilf\u00f8j til kurv&#8221;.<\/p>\r\n\r\n\r\n\r\n<p>Ved kassen skal du angive dine personlige data, som navn, adresse og evt. data af dit kreditkort. Al den information du taster ind bliver sendt via en sikret forbindelse hvor alle data er krypteret.<\/p>\r\n\r\n\r\n\r\n<ol class=\"wp-block-list\" start=\"6\">\r\n<li><strong>Fortrydelsesret<\/strong><\/li>\r\n<\/ol>\r\n\r\n\r\n\r\n<p>Du har inden for 14 dage ret til at fortryde dit k\u00f8b uden oplysning af grunde, medmindre du har udpakket varen. Fortrydelsesfristen udg\u00f8r 14 dage fra den dag, hvor du eller en af dig navngivet tredjepart, som ikke er transport\u00f8ren, har taget varerne i besiddelse. Dette sker i henhold til direktiv 97\/7\/EC af den Eruop\u00e6sike Parlament og R\u00e5d fra den 20 Mai 1997, artikel 6 \u00a7 3.<\/p>\r\n\r\n\r\n\r\n<p>Alle omkostninger der er forbundet med varereturer viler p\u00e5 k\u00f8beren.<\/p>\r\n\r\n\r\n\r\n<ol class=\"wp-block-list\" start=\"7\">\r\n<li><strong>Klageadgang<br \/><\/strong><\/li>\r\n<\/ol>\r\n\r\n\r\n\r\n<p>Hvis du som forbruger vil klage over dit k\u00f8b, skal du kontakte os. Hvis det ikke lykkes os at finde en l\u00f8sning, kan du sende en klage til:<\/p>\r\n<p>Center for Klagel\u00f8sning<\/p>\r\n<p>N\u00e6vnenes Hus<br \/>Toldboden 2<br \/>8800 Viborg<\/p>\r\n<p class=\"p1\">Du kan klage til Center for Klagel\u00f8sning via <a href=\"https:\/\/kpo.naevneneshus.dk\/Public\/Home\/ChooseLoginProvider?returnUrl=https:\/\/kpo.naevneneshus.dk\/External\">Klageportalen<\/a> for N\u00e6vnenes Hus<\/p>\r\n<p>Har du bop\u00e6l i et andet EU-land end Danmark, kan du klage til EU-Kommissionens online klageportal her &#8211; <a href=\"http:\/\/ec.europa.eu\/odr\">http:\/\/ec.europa.eu\/odr.<\/a><\/p>\r\n\r\n\r\n\r\n<p>&nbsp;<\/p>\r\n<center><img loading=\"lazy\" decoding=\"async\" src=\"http:\/\/71.19.249.231\/~homowor1\/wp-content\/uploads\/2021\/02\/Skilt.jpg\" width=\"350\" height=\"200\" \/><\/center>\r\n<p>&nbsp;<\/p>\r\n","protected":false},"excerpt":{"rendered":"<p>Varer De Varer du kan f\u00e5 her i vores online shop er pornografisk. Derfor er alle personer, der er under 18 \u00e5r eksklurderet fra handlen. Alle videoer er i Europ\u00e6isk DVD format (Pal) og kan blive afspillet p\u00e5 de fleste DVDafspiller eller p\u00e5 computeren. Medmindre du har en s\u00e5kaldt multiregional DVDafspiller, er det kun muligt, [&hellip;]<\/p>\n","protected":false},"author":1,"featured_media":0,"parent":0,"menu_order":0,"comment_status":"closed","ping_status":"closed","template":"","meta":{"advanced_seo_description":"","jetpack_seo_html_title":"","jetpack_seo_noindex":false,"footnotes":""},"class_list":["post-260","page","type-page","status-publish","hentry"],"jetpack_sharing_enabled":true,"_links":{"self":[{"href":"https:\/\/homoworld.dk\/da\/wp-json\/wp\/v2\/pages\/260","targetHints":{"allow":["GET"]}}],"collection":[{"href":"https:\/\/homoworld.dk\/da\/wp-json\/wp\/v2\/pages"}],"about":[{"href":"https:\/\/homoworld.dk\/da\/wp-json\/wp\/v2\/types\/page"}],"author":[{"embeddable":true,"href":"https:\/\/homoworld.dk\/da\/wp-json\/wp\/v2\/users\/1"}],"replies":[{"embeddable":true,"href":"https:\/\/homoworld.dk\/da\/wp-json\/wp\/v2\/comments?post=260"}],"version-history":[{"count":6,"href":"https:\/\/homoworld.dk\/da\/wp-json\/wp\/v2\/pages\/260\/revisions"}],"predecessor-version":[{"id":909,"href":"https:\/\/homoworld.dk\/da\/wp-json\/wp\/v2\/pages\/260\/revisions\/909"}],"wp:attachment":[{"href":"https:\/\/homoworld.dk\/da\/wp-json\/wp\/v2\/media?parent=260"}],"curies":[{"name":"wp","href":"https:\/\/api.w.org\/{rel}","templated":true}]}}